{"id":11636,"date":"2025-10-14T05:52:29","date_gmt":"2025-10-14T05:52:29","guid":{"rendered":"https:\/\/shop.tjasha.si\/?post_type=product&#038;p=11636"},"modified":"2026-03-15T10:46:35","modified_gmt":"2026-03-15T10:46:35","slug":"k-pak-color-therapy-luster-lock-sprej-50ml","status":"publish","type":"product","link":"https:\/\/shop.tjasha.si\/en\/trgovina\/k-pak-color-therapy-luster-lock-sprej-50ml\/","title":{"rendered":"K-PAK Color Therapy Luster Lock sprej 50ml"},"content":{"rendered":"<p><strong>Navodilo za uporabo:<\/strong><\/p>\n<ul>\n<li>Izdelek K-PAK Color Therapy Luster Lock Multi-Perfector Sprej lahko uporablajmo 1 ali 2 krat tedensko, odvisno od tega, koliko obnove potrebujejo lasje.<\/li>\n<li>Nanesi preparat K-PAK Color Therapy Luster Lock\u00a0Multi-Perfector Sprej na obrisane lase. Pusti delovati 3-5 minut in sfenirajte lase.<\/li>\n<\/ul>\n<p><strong>Prednosti:<\/strong><\/p>\n<ul>\n<li>Pove\u010da elasti\u010dnost, mo\u010d in sijaj las<\/li>\n<li>Lase obnavlja, hrani in \u0161\u010diti barvo<\/li>\n<li>Lasem vrne videz\u00a0zdravih las\u00a0in zagotavlja optimalno za\u0161\u010dito<\/li>\n<\/ul>\n<p><strong>Kon\u010dni rezultat:<\/strong><\/p>\n<ul>\n<li>Lasje so vitalni, \u017eivahni\u00a0ter barve so bolj obstojne<\/li>\n<li>Natezna trdnost las se merljivo pove\u010da<\/li>\n<li>Lasje se bolj odzivajo na oblikovanje in so vidno bolj pro\u017eni ter\u00a0zdravi.<\/li>\n<\/ul>\n<p>&nbsp;<\/p>\n<p><strong>SESTAVINE:\u00a0<\/strong><\/p>\n<p>Water\/Aqua\/Eau, Cyclopentasiloxane, Dimethicone, C12-15 Alkyl Benzoate, Cinnamidopropyltrimonium Chloride, Peg\/Ppg-15\/15 Dimethicone, Keratin, Hydrolyzed Keratin, Laurdimonium Hydroxypropyl Hydrolyzed Keratin, Avena Sativa (Oat) Peptide, Arginine Hcl, Arginine, Rosa Canina Fruit Oil, Argania Spinosa Kernel Oil, Schinziophyton Rautanenii Kernel Oil, Hydrolyzed Keratin Pg-Propyl Methylsilanediol, Allantoin, Aloe Barbadensis Leaf Juice, Phosphatidylcholine, Butyl Methoxydibenzoylmethane, Oenothera Biennis (Evening Primrose) Oil, Cocodimonium Hydroxypropyl Hydrolyzed Keratin, Psidium Guajava Fruit Extract, Aleurites Moluccanus Seed Oil, Thioctic Acid, Glycolipids, Tocopheryl Acetate, Hydrogenated Castor Oil\/Sebacic Acid Copolymer, Dipropylene Glycol, Polysorbate 20, C10-40 Isoalkylamidopropylethyldimonium Ethosulfate, Peg-40 Hydrogenated Castor Oil, Cetrimonium Chloride, Cocamidopropyl Betaine, Polyquaternium-11, Sodium Hyaluronate, Citric Acid, Tetrasodium EDTA, Polysilicone-19, Glycerin, Polyquaternium-55, Sodium Ascorbyl Phosphate, Aminomethyl Propanol, Caprylhydroxamic Acid, 1,2-Hexanediol, Propanediol, Phenoxyethanol, Sodium Benzoate, Benzyl Alcohol, Benzoic Acid, Hydroxycitronellal, Linalool, Alpha-Isomethyl Ionone, Coumarin, Cinnamyl Alcohol, Fragrance\/Parfum.<\/p>\n<p>OPOZORILO:<\/p>\n<p>\u010ce izdelek pride v stik z o\u010dmi, jih takoj sperite. Shranjujte izven dosega otrok !<\/p>","protected":false},"excerpt":{"rendered":"<p><strong>Opis:<\/strong><\/p>\n<p><strong>Priporo\u010damo za:<\/strong><\/p>\n<ul>\n<li>Za barvane\u00a0lase<\/li>\n<li>Stranke, ki imajo lomljive lase, ali lase, ki so prezgodaj izgubile barvo ali se zaradi kemi\u010dnih,\u00a0vremenskih ali fizi\u010dnih po\u0161kodb, te\u017eko oblikujejo<\/li>\n<li>Utrujene, \u0161ibke in iz\u010drpane lasje<\/li>\n<\/ul>\n<p><strong>Posebne zna\u010dilnosti:<\/strong><\/p>\n<ul>\n<li>najve\u010dja koncentracija snovi Quadramine Complex ter BIO-ADVANCED PEPTIDE COMPLEX<\/li>\n<li>obnavlja strukturo las tako s pozitivno kot tudi negativno nabitimi proteini iz notranjosti navzven<\/li>\n<li>19 aminokislin je postavljeno v to\u010dno tak vrstni red, ki je potreben, da nadomesti utrujene ali po\u0161kodovane predele na laseh<\/li>\n<li>podalj\u0161uje\u00a0obstojnost barve<\/li>\n<li>pH: 3,0-4,0<\/li>\n<\/ul>","protected":false},"featured_media":11637,"template":"","meta":{"_acf_changed":false,"inline_featured_image":false,"_monsterinsights_skip_tracking":false,"_monsterinsights_sitenote_active":false,"_monsterinsights_sitenote_note":"","_monsterinsights_sitenote_category":0},"product_cat":[15,153,155,270,199],"product_tag":[],"aioseo_notices":[],"acf":[],"_links":{"self":[{"href":"https:\/\/shop.tjasha.si\/en\/wp-json\/wp\/v2\/product\/11636"}],"collection":[{"href":"https:\/\/shop.tjasha.si\/en\/wp-json\/wp\/v2\/product"}],"about":[{"href":"https:\/\/shop.tjasha.si\/en\/wp-json\/wp\/v2\/types\/product"}],"version-history":[{"count":2,"href":"https:\/\/shop.tjasha.si\/en\/wp-json\/wp\/v2\/product\/11636\/revisions"}],"predecessor-version":[{"id":11661,"href":"https:\/\/shop.tjasha.si\/en\/wp-json\/wp\/v2\/product\/11636\/revisions\/11661"}],"wp:featuredmedia":[{"embeddable":true,"href":"https:\/\/shop.tjasha.si\/en\/wp-json\/wp\/v2\/media\/11637"}],"wp:attachment":[{"href":"https:\/\/shop.tjasha.si\/en\/wp-json\/wp\/v2\/media?parent=11636"}],"wp:term":[{"taxonomy":"product_cat","embeddable":true,"href":"https:\/\/shop.tjasha.si\/en\/wp-json\/wp\/v2\/product_cat?post=11636"},{"taxonomy":"product_tag","embeddable":true,"href":"https:\/\/shop.tjasha.si\/en\/wp-json\/wp\/v2\/product_tag?post=11636"}],"curies":[{"name":"wp","href":"https:\/\/api.w.org\/{rel}","templated":true}]}}