{"id":11664,"date":"2025-12-07T16:19:21","date_gmt":"2025-12-07T16:19:21","guid":{"rendered":"https:\/\/shop.tjasha.si\/?post_type=product&#038;p=11664"},"modified":"2025-12-23T08:04:40","modified_gmt":"2025-12-23T08:04:40","slug":"darilni-bon-zensko-feniranje-in-strizenje-dolgih-las-od-20-cm","status":"publish","type":"product","link":"https:\/\/shop.tjasha.si\/en\/trgovina\/darilni-bon-zensko-feniranje-in-strizenje-dolgih-las-od-20-cm\/","title":{"rendered":"Darilni bon \u017densko feniranje in stri\u017eenje dolgih las od 20 cm"},"content":{"rendered":"<p>&nbsp;<\/p>\n<p>Bon velja za dol\u017eino las od 20 cm naprej. Nudi umivanje las, masa\u017eo lasi\u0161\u010da, feniranje las, ter produkti za bolj\u0161o obstojnost pri\u010deske.<br \/>\nVeljavnost bonov je 6 mesecev od dneva nakupa.<\/p>","protected":false},"excerpt":{"rendered":"<p>Nudili vam bomo stri\u017eenje in fen pri\u010desko v Salonu Tjasha Center, Salon Tja\u0161a Brdo, ter poskrbeli, da se boste pri nas dobro po\u010dutil, se sprostil, u\u017eival.<\/p>","protected":false},"featured_media":11666,"template":"","meta":{"_acf_changed":false,"inline_featured_image":false,"_monsterinsights_skip_tracking":false,"_monsterinsights_sitenote_active":true,"_monsterinsights_sitenote_note":"Published: Darilni bon \u017densko feniranje in stri\u017eenje dolgih las od 20 cm","_monsterinsights_sitenote_category":359},"product_cat":[377,166],"product_tag":[],"aioseo_notices":[],"acf":[],"_links":{"self":[{"href":"https:\/\/shop.tjasha.si\/en\/wp-json\/wp\/v2\/product\/11664"}],"collection":[{"href":"https:\/\/shop.tjasha.si\/en\/wp-json\/wp\/v2\/product"}],"about":[{"href":"https:\/\/shop.tjasha.si\/en\/wp-json\/wp\/v2\/types\/product"}],"version-history":[{"count":3,"href":"https:\/\/shop.tjasha.si\/en\/wp-json\/wp\/v2\/product\/11664\/revisions"}],"predecessor-version":[{"id":11685,"href":"https:\/\/shop.tjasha.si\/en\/wp-json\/wp\/v2\/product\/11664\/revisions\/11685"}],"wp:featuredmedia":[{"embeddable":true,"href":"https:\/\/shop.tjasha.si\/en\/wp-json\/wp\/v2\/media\/11666"}],"wp:attachment":[{"href":"https:\/\/shop.tjasha.si\/en\/wp-json\/wp\/v2\/media?parent=11664"}],"wp:term":[{"taxonomy":"product_cat","embeddable":true,"href":"https:\/\/shop.tjasha.si\/en\/wp-json\/wp\/v2\/product_cat?post=11664"},{"taxonomy":"product_tag","embeddable":true,"href":"https:\/\/shop.tjasha.si\/en\/wp-json\/wp\/v2\/product_tag?post=11664"}],"curies":[{"name":"wp","href":"https:\/\/api.w.org\/{rel}","templated":true}]}}