{"id":11675,"date":"2025-12-07T16:36:19","date_gmt":"2025-12-07T16:36:19","guid":{"rendered":"https:\/\/shop.tjasha.si\/?post_type=product&#038;p=11675"},"modified":"2025-12-23T08:03:56","modified_gmt":"2025-12-23T08:03:56","slug":"darilni-bon-zensko-feniranje-dolgih-las-od-20-cm","status":"publish","type":"product","link":"https:\/\/shop.tjasha.si\/en\/trgovina\/darilni-bon-zensko-feniranje-dolgih-las-od-20-cm\/","title":{"rendered":"Darilni bon \u017densko feniranje dolgih las od 20 cm"},"content":{"rendered":"<p>Nudili fen pri\u010desko v Salonu Tjasha Center in Salon Tja\u0161a Brdo. Mi pa bomo poskrbeli, da se bo pri nas dobro po\u010dutil, se sprostil, u\u017eival.<\/p>\n<p>&nbsp;<\/p>\n<p>Za dol\u017eino las od 20 cm naprej. Nudi umivanje las, masa\u017eo lasi\u0161\u010da, feniranje las, ter produkti za bolj\u0161o obstojnost pri\u010deske.<br \/>\nVeljavnost bonov je 6 mesecev od dneva nakupa.<\/p>","protected":false},"excerpt":{"rendered":"<p>Nudili vam bomo fen pri\u010desko v Salonu Tjasha Center in Salon Tja\u0161a Brdo. Mi pa bomo poskrbeli, da se bo pri nas dobro po\u010dutil, se sprostil, u\u017eival.<\/p>","protected":false},"featured_media":11666,"template":"","meta":{"_acf_changed":false,"inline_featured_image":false,"_monsterinsights_skip_tracking":false,"_monsterinsights_sitenote_active":false,"_monsterinsights_sitenote_note":"","_monsterinsights_sitenote_category":0},"product_cat":[377,166],"product_tag":[],"aioseo_notices":[],"acf":[],"_links":{"self":[{"href":"https:\/\/shop.tjasha.si\/en\/wp-json\/wp\/v2\/product\/11675"}],"collection":[{"href":"https:\/\/shop.tjasha.si\/en\/wp-json\/wp\/v2\/product"}],"about":[{"href":"https:\/\/shop.tjasha.si\/en\/wp-json\/wp\/v2\/types\/product"}],"version-history":[{"count":1,"href":"https:\/\/shop.tjasha.si\/en\/wp-json\/wp\/v2\/product\/11675\/revisions"}],"predecessor-version":[{"id":11676,"href":"https:\/\/shop.tjasha.si\/en\/wp-json\/wp\/v2\/product\/11675\/revisions\/11676"}],"wp:featuredmedia":[{"embeddable":true,"href":"https:\/\/shop.tjasha.si\/en\/wp-json\/wp\/v2\/media\/11666"}],"wp:attachment":[{"href":"https:\/\/shop.tjasha.si\/en\/wp-json\/wp\/v2\/media?parent=11675"}],"wp:term":[{"taxonomy":"product_cat","embeddable":true,"href":"https:\/\/shop.tjasha.si\/en\/wp-json\/wp\/v2\/product_cat?post=11675"},{"taxonomy":"product_tag","embeddable":true,"href":"https:\/\/shop.tjasha.si\/en\/wp-json\/wp\/v2\/product_tag?post=11675"}],"curies":[{"name":"wp","href":"https:\/\/api.w.org\/{rel}","templated":true}]}}