{"id":4151,"date":"2016-06-23T10:00:52","date_gmt":"2016-06-23T10:00:52","guid":{"rendered":"https:\/\/shop.tjasha.si\/product\/moisture-recovery-conditioner-za-suhe-lase\/"},"modified":"2026-03-15T10:54:25","modified_gmt":"2026-03-15T10:54:25","slug":"moisture-recovery-conditioner-za-suhe-lase","status":"publish","type":"product","link":"https:\/\/shop.tjasha.si\/en\/trgovina\/moisture-recovery-conditioner-za-suhe-lase\/","title":{"rendered":"Joico Moisture Recovery Conditioner Balzam za suhe, izsu\u0161ene lase 250 ml"},"content":{"rendered":"<p>Untitled document<\/p>\n<p><strong>Priporo\u010damo za:<\/strong><\/p>\n<ul>\n<li>Vla\u017eenje, hranjenje in okrepitev las<\/li>\n<li>Vse vrste suhih las<\/li>\n<\/ul>\n<p><strong>Posebne zna\u010dilnosti:<\/strong><\/p>\n<ul>\n<li>Suhim lasem najbolje vra\u010da vlago<\/li>\n<li>Ves dan optimizira zadr\u017eevanje vlage<\/li>\n<li>Pove\u010duje lesk in izbolj\u0161uje gibkost las<\/li>\n<li>Prepre\u010duje izsu\u0161itev las<\/li>\n<li>pH: 4,5 \u20135,5<\/li>\n<\/ul>\n<p><strong>Prednosti:<\/strong><\/p>\n<ul>\n<li>revitalizira lase<\/li>\n<\/ul>\n<p><strong>Kon\u010dni rezultat:<\/strong><\/p>\n<ul>\n<li>lasje so navla\u017eeni, gladki in zaradi pove\u010dane pro\u017enosti, tudi bolj obvladljivi<\/li>\n<\/ul>","protected":false},"excerpt":{"rendered":"<p>Untitled documentVla\u017eilen regenerator z izjemnim u\u010dinkom, ki hrani in krepi suhe lase, jim daje voljnost in mehkobo.<\/p>","protected":false},"featured_media":4150,"template":"","meta":{"_acf_changed":false,"inline_featured_image":false,"_monsterinsights_skip_tracking":false,"_monsterinsights_sitenote_active":false,"_monsterinsights_sitenote_note":"","_monsterinsights_sitenote_category":0},"product_cat":[241,153,155,154,263],"product_tag":[],"aioseo_notices":[],"acf":[],"_links":{"self":[{"href":"https:\/\/shop.tjasha.si\/en\/wp-json\/wp\/v2\/product\/4151"}],"collection":[{"href":"https:\/\/shop.tjasha.si\/en\/wp-json\/wp\/v2\/product"}],"about":[{"href":"https:\/\/shop.tjasha.si\/en\/wp-json\/wp\/v2\/types\/product"}],"version-history":[{"count":2,"href":"https:\/\/shop.tjasha.si\/en\/wp-json\/wp\/v2\/product\/4151\/revisions"}],"predecessor-version":[{"id":10212,"href":"https:\/\/shop.tjasha.si\/en\/wp-json\/wp\/v2\/product\/4151\/revisions\/10212"}],"wp:featuredmedia":[{"embeddable":true,"href":"https:\/\/shop.tjasha.si\/en\/wp-json\/wp\/v2\/media\/4150"}],"wp:attachment":[{"href":"https:\/\/shop.tjasha.si\/en\/wp-json\/wp\/v2\/media?parent=4151"}],"wp:term":[{"taxonomy":"product_cat","embeddable":true,"href":"https:\/\/shop.tjasha.si\/en\/wp-json\/wp\/v2\/product_cat?post=4151"},{"taxonomy":"product_tag","embeddable":true,"href":"https:\/\/shop.tjasha.si\/en\/wp-json\/wp\/v2\/product_tag?post=4151"}],"curies":[{"name":"wp","href":"https:\/\/api.w.org\/{rel}","templated":true}]}}