{"id":4153,"date":"2016-06-23T10:00:52","date_gmt":"2016-06-23T10:00:52","guid":{"rendered":"https:\/\/shop.tjasha.si\/product\/k-pak-conditioner\/"},"modified":"2026-03-15T10:54:25","modified_gmt":"2026-03-15T10:54:25","slug":"k-pak-conditioner","status":"publish","type":"product","link":"https:\/\/shop.tjasha.si\/en\/trgovina\/k-pak-conditioner\/","title":{"rendered":"Joico K-pak Conditioner &#8211; Balzam za suhe, po\u0161kodovane lase 250 ml"},"content":{"rendered":"<p>Untitled document<\/p>\n<p>Z vlago obogaten dnevni regenerator, ki lase obnavlja. Ne obte\u017ei las,  zato jeprimeren za tanke, kot tudi za mocne in odporne lase.<\/p>\n<p><strong>Priporo\u010damo za:<\/strong><\/p>\n<ul>\n<li>Vse vrste las<\/li>\n<li>Stranke, ki si \u017eelijo &scaron;ampon, ki  je rezultat najnovej&scaron;ih raziskav, tako da je njegovo delovanje  neprimerljivo in pomaga pri obnovi po&scaron;kodovanih las<\/li>\n<li>Lase, ki so zaradi kemi\u010dne, toplotne obdelave in\/ ali okolskih vplivov po&scaron;kodovani<\/li>\n<li>Utrujeni, &scaron;ibki in iz\u010drpani lasje<\/li>\n<\/ul>\n<p><strong>Posebne zna\u010dilnosti:<\/strong><\/p>\n<ul>\n<li>dnevni regenerator z veliko vlage<\/li>\n<li>lasem obnovi notranjost in kutikulo<\/li>\n<li>dovolj lahek, da ga lahko uporabimo pri tankih laseh<\/li>\n<li>dovolj bogat za goste, izsu&scaron;ene lase<\/li>\n<li>povrne izgubljene aminokisline<\/li>\n<li>ne vpliva na obstojnost barv<\/li>\n<li>pH: 4,5 &ndash;5,5<\/li>\n<\/ul>\n<p><strong>Prednosti:<\/strong><\/p>\n<ul>\n<li>Pove\u010da pro\u017enost, mo\u010d in sijaj las<\/li>\n<li>Lasem povrne prvotno mo\u010d in izgled<\/li>\n<li>Razplete in varuje lase<\/li>\n<\/ul>\n<p><strong>Kon\u010dni rezultat: <\/strong><\/p>\n<ul>\n<li>Lasje so gladki, svileni, sijo\u010di in vitalni<\/li>\n<li>Natezna trdnost las se merljivo pove\u010da<\/li>\n<li>Lasje se bolj odzivajo na oblikovanje in so vidno bolj pro\u017eni<\/li>\n<\/ul>","protected":false},"excerpt":{"rendered":"<p>Untitled document<\/p>\n<h3>[b][b]Balzam[\/b]a za po&scaron;kodovane lase[\/b]<\/h3>\n<p>Z vlago obogaten dnevni balzam, ki lase neguje iz notranjosti navzven. Namenjen izsu&scaron;enim, po&scaron;kodovanim lasem.<\/p>","protected":false},"featured_media":4152,"template":"","meta":{"_acf_changed":false,"inline_featured_image":false,"_monsterinsights_skip_tracking":false,"_monsterinsights_sitenote_active":false,"_monsterinsights_sitenote_note":"","_monsterinsights_sitenote_category":0},"product_cat":[241,153,155,154,270,205],"product_tag":[],"aioseo_notices":[],"acf":[],"_links":{"self":[{"href":"https:\/\/shop.tjasha.si\/en\/wp-json\/wp\/v2\/product\/4153"}],"collection":[{"href":"https:\/\/shop.tjasha.si\/en\/wp-json\/wp\/v2\/product"}],"about":[{"href":"https:\/\/shop.tjasha.si\/en\/wp-json\/wp\/v2\/types\/product"}],"version-history":[{"count":1,"href":"https:\/\/shop.tjasha.si\/en\/wp-json\/wp\/v2\/product\/4153\/revisions"}],"predecessor-version":[{"id":10091,"href":"https:\/\/shop.tjasha.si\/en\/wp-json\/wp\/v2\/product\/4153\/revisions\/10091"}],"wp:featuredmedia":[{"embeddable":true,"href":"https:\/\/shop.tjasha.si\/en\/wp-json\/wp\/v2\/media\/4152"}],"wp:attachment":[{"href":"https:\/\/shop.tjasha.si\/en\/wp-json\/wp\/v2\/media?parent=4153"}],"wp:term":[{"taxonomy":"product_cat","embeddable":true,"href":"https:\/\/shop.tjasha.si\/en\/wp-json\/wp\/v2\/product_cat?post=4153"},{"taxonomy":"product_tag","embeddable":true,"href":"https:\/\/shop.tjasha.si\/en\/wp-json\/wp\/v2\/product_tag?post=4153"}],"curies":[{"name":"wp","href":"https:\/\/api.w.org\/{rel}","templated":true}]}}