{"id":4155,"date":"2016-06-23T10:00:52","date_gmt":"2016-06-23T10:00:52","guid":{"rendered":"https:\/\/shop.tjasha.si\/product\/k-pak-deep-penetrating-reconstructor\/"},"modified":"2026-03-15T10:54:26","modified_gmt":"2026-03-15T10:54:26","slug":"k-pak-deep-penetrating-reconstructor","status":"publish","type":"product","link":"https:\/\/shop.tjasha.si\/en\/trgovina\/k-pak-deep-penetrating-reconstructor\/","title":{"rendered":"Joico K-pak Deep Penetrating Reconstructor &#8211; Obnova po\u0161kodovanih las 150 ml"},"content":{"rendered":"<h3>Za po&scaron;kodovane lase<\/h3>\n<p>Popolna izbira za popolno lasno obnovo;  izbolj&scaron;a elasticnost las, jih krepi injim daje sijaj, hkrati pa jim  vraca zdravje.<\/p>\n<p><strong>Priporo\u010damo za:<\/strong><\/p>\n<ul>\n<li>Vse vrste las<\/li>\n<li>Stranke, ki imajo lomljive lase,  ali lase, ki so prezgodaj izgubili barvo ali se, zaradi kemi\u010dnih,  okolskih ali fizi\u010dnih po&scaron;kodb, te\u017eko oblikujejo, <\/li>\n<li>Utrujene, &scaron;ibke in iz\u010drpane lasje<\/li>\n<\/ul>\n<p><strong><br \/>Posebne zna\u010dilnosti:<\/strong><\/p>\n<ul>\n<li>najve\u010dja koncentracija snovi Quadramine Complex<\/li>\n<li>najbolj&scaron;a izbira za resni\u010dno obnovo las<\/li>\n<li>obnavlja strukturo las tako s pozitivno kot tudi negativno nabitimi proteini iz notranjosti navzven<\/li>\n<li>19 aminokislin je postavljeno v to\u010dno tak vrstni red, ki je potreben, da nadomesti utrujene ali po&scaron;kodovane predele na laseh<\/li>\n<li>ne vpliva na obstojnost barv<\/li>\n<li>pH: 4,5-5,5<\/li>\n<\/ul>\n<p><strong>Prednosti:<\/strong><\/p>\n<ul>\n<li>Pove\u010da pro\u017enost, mo\u010d in sijaj las<\/li>\n<li>Lasem vrne prvotno mo\u010d in izgled<\/li>\n<li>Lasem vrne prvotno zdravje in zagotavlja optimalno za&scaron;\u010dito<\/li>\n<\/ul>\n<p><strong><br \/>Kon\u010dni rezultat:<\/strong><\/p>\n<ul>\n<li>Lasje so vitalni in \u017eivahni in barve so bolj obstojne<\/li>\n<li>Natezna trdnost las se merljivo pove\u010da<\/li>\n<li>Lasje se bolj odzivajo na oblikovanje in so vidno bolj pro\u017eni<\/li>\n<\/ul>","protected":false},"excerpt":{"rendered":"<p>Popolna izbira za popolno lasno obnovo; izbolj&scaron;a elasti\u010dnost las, jih krepi in jim daje sija. Namenjena lomljivim, po&scaron;kodovanim, kemi\u010dno in toplotno obdelanim lasem.<\/p>","protected":false},"featured_media":4154,"template":"","meta":{"_acf_changed":false,"inline_featured_image":false,"_monsterinsights_skip_tracking":false,"_monsterinsights_sitenote_active":false,"_monsterinsights_sitenote_note":"","_monsterinsights_sitenote_category":0},"product_cat":[153,155,244,154,270,205],"product_tag":[],"aioseo_notices":[],"acf":[],"_links":{"self":[{"href":"https:\/\/shop.tjasha.si\/en\/wp-json\/wp\/v2\/product\/4155"}],"collection":[{"href":"https:\/\/shop.tjasha.si\/en\/wp-json\/wp\/v2\/product"}],"about":[{"href":"https:\/\/shop.tjasha.si\/en\/wp-json\/wp\/v2\/types\/product"}],"version-history":[{"count":1,"href":"https:\/\/shop.tjasha.si\/en\/wp-json\/wp\/v2\/product\/4155\/revisions"}],"predecessor-version":[{"id":10092,"href":"https:\/\/shop.tjasha.si\/en\/wp-json\/wp\/v2\/product\/4155\/revisions\/10092"}],"wp:featuredmedia":[{"embeddable":true,"href":"https:\/\/shop.tjasha.si\/en\/wp-json\/wp\/v2\/media\/4154"}],"wp:attachment":[{"href":"https:\/\/shop.tjasha.si\/en\/wp-json\/wp\/v2\/media?parent=4155"}],"wp:term":[{"taxonomy":"product_cat","embeddable":true,"href":"https:\/\/shop.tjasha.si\/en\/wp-json\/wp\/v2\/product_cat?post=4155"},{"taxonomy":"product_tag","embeddable":true,"href":"https:\/\/shop.tjasha.si\/en\/wp-json\/wp\/v2\/product_tag?post=4155"}],"curies":[{"name":"wp","href":"https:\/\/api.w.org\/{rel}","templated":true}]}}