{"id":4199,"date":"2016-06-23T10:00:53","date_gmt":"2016-06-23T10:00:53","guid":{"rendered":"https:\/\/shop.tjasha.si\/product\/joimistr-firm\/"},"modified":"2026-03-15T10:54:23","modified_gmt":"2026-03-15T10:54:23","slug":"joimistr-firm","status":"publish","type":"product","link":"https:\/\/shop.tjasha.si\/en\/trgovina\/joimistr-firm\/","title":{"rendered":"Joico JoiMist Firm &#8211; Lak za lase 350 ml"},"content":{"rendered":"<p>Pr\u0161ilo z mo\u010dnim utrjevanjem. JOIMIST FIRM mo\u010d utrjevanja 7-9 Utrdi va\u0161o pri\u010desko in jo podpira cel dan.<\/p>\n<p>Primeren za: sprej za dokon\u010danje pri\u010deske<\/p>\n<p>U\u010dinki:Aerosolni sprej z mo\u010dnim utrjevanjem, naredi pri\u010desko obstojno in odporno ves dan.\u0161\u010diti pred UV \u017earki in negativnimi vplivi okolja.Odli\u010den, na vlago odporen sprej z mo\u010dni utrjevanjem, ki ohrani pi\u010desko preko celega dne.<\/p>\n<p><strong>SESTAVINE:\u00a0<\/strong>Alcohol Denat., Dimethyl Ether, Butane, Propane, Acrylates\/Octylacrylamide Copolymer, Aminomethyl Propanol, Pentapeptide-29 Cysteinamide, Pentapeptide-30 Cysteinamide, Tetrapeptide-28 Argininamide, Tetrapeptide-29 Argininamide, Hydrolyzed Keratin, Cocodimonium Hydroxypropyl Hydrolyzed Keratin, Amp-Isostearoyl Hydrolyzed Wheat Protein, Aleurites Moluccana Seed Oil, Panthenol, Phenyl Trimethicone, Triethyl Citrate, PPG-5-Ceteth-20, Pentaerythrityl Tetracaprylate\/Tetracaprate, Benzophenone-4, Fragrance\/Parfum.<\/p>\n<p><strong>SPLO\u0161NI NAPOTKI IN OPOZORILA:\u00a0<\/strong>Pazi da izdelek ne pride v o\u010di. Zelo lahko vnetljiv aerosol, posoda je pod pritiskom: lahko eksplodira pri segrevanju. Hraniti lo\u010deno od vro\u010dine, vro\u010dih povr\u0161in, isker odprtega ognja in drugih virov v\u017eiga. Kajenje prepovedano. Ne pr\u0161iti proti odprtemu ognju ali drugemu viru v\u017eiga. Ne preluknjajte ali se\u017eigajte je niti, ko je prazna. Za\u0161\u010dititi pred son\u010dno svetlobo. Ne izpostavljati temperaturam nad 50\u00b0C\/122\u00b0F. Hraniti zunaj dosega otrok.<\/p>","protected":false},"excerpt":{"rendered":"<p>Pr\u0161ilo z mo\u010dnim utrjevanjem. JOIMIST FIRM mo\u010d utrjevanja 7-9 Utrdi va\u0161o pri\u010desko in jo podpira cel dan.<\/p>","protected":false},"featured_media":10159,"template":"","meta":{"_acf_changed":false,"inline_featured_image":false,"_monsterinsights_skip_tracking":false,"_monsterinsights_sitenote_active":false,"_monsterinsights_sitenote_note":"","_monsterinsights_sitenote_category":0},"product_cat":[155,273,205,285],"product_tag":[],"aioseo_notices":[],"acf":[],"_links":{"self":[{"href":"https:\/\/shop.tjasha.si\/en\/wp-json\/wp\/v2\/product\/4199"}],"collection":[{"href":"https:\/\/shop.tjasha.si\/en\/wp-json\/wp\/v2\/product"}],"about":[{"href":"https:\/\/shop.tjasha.si\/en\/wp-json\/wp\/v2\/types\/product"}],"version-history":[{"count":2,"href":"https:\/\/shop.tjasha.si\/en\/wp-json\/wp\/v2\/product\/4199\/revisions"}],"predecessor-version":[{"id":10160,"href":"https:\/\/shop.tjasha.si\/en\/wp-json\/wp\/v2\/product\/4199\/revisions\/10160"}],"wp:featuredmedia":[{"embeddable":true,"href":"https:\/\/shop.tjasha.si\/en\/wp-json\/wp\/v2\/media\/10159"}],"wp:attachment":[{"href":"https:\/\/shop.tjasha.si\/en\/wp-json\/wp\/v2\/media?parent=4199"}],"wp:term":[{"taxonomy":"product_cat","embeddable":true,"href":"https:\/\/shop.tjasha.si\/en\/wp-json\/wp\/v2\/product_cat?post=4199"},{"taxonomy":"product_tag","embeddable":true,"href":"https:\/\/shop.tjasha.si\/en\/wp-json\/wp\/v2\/product_tag?post=4199"}],"curies":[{"name":"wp","href":"https:\/\/api.w.org\/{rel}","templated":true}]}}