{"id":4203,"date":"2016-06-23T10:00:53","date_gmt":"2016-06-23T10:00:53","guid":{"rendered":"https:\/\/shop.tjasha.si\/product\/joigeltm-medium\/"},"modified":"2026-03-15T10:54:23","modified_gmt":"2026-03-15T10:54:23","slug":"joigeltm-medium","status":"publish","type":"product","link":"https:\/\/shop.tjasha.si\/en\/trgovina\/joigeltm-medium\/","title":{"rendered":"Joico JoiGel Medium &#8211; Gel za lase 250 ml"},"content":{"rendered":"<p>Untitled document<\/p>\n<p><span style=\"font-weight: bold\">Primeren za<\/span>: oblikovanje s srednje mo\u010dnim gelom<\/p>\n<p><span style=\"font-weight: bold\">U\u010dinki<\/span>:Nealkoholen gel s srednjemo\u010dnim utrjevanjem, daje obliko, volumen in lesk, lasje ostanejo voljni. Se su\u0161i po\u010dasi in se ne drobi.\u0160\u010diti pred UV \u017earki in negativnimi vplivi iz okolja.Lasje so na dotik voljni, ohranijo obliko in so sijo\u010di<\/p>","protected":false},"excerpt":{"rendered":"<p>Nudi srednje mo\u010dno oblikovanje in podporo, ter zmerno ureditev las. Mo\u010d utrjevanja 04.<\/p>","protected":false},"featured_media":10172,"template":"","meta":{"_acf_changed":false,"inline_featured_image":false,"_monsterinsights_skip_tracking":false,"_monsterinsights_sitenote_active":false,"_monsterinsights_sitenote_note":"","_monsterinsights_sitenote_category":0},"product_cat":[153,155,154,273,205,285],"product_tag":[],"aioseo_notices":[],"acf":[],"_links":{"self":[{"href":"https:\/\/shop.tjasha.si\/en\/wp-json\/wp\/v2\/product\/4203"}],"collection":[{"href":"https:\/\/shop.tjasha.si\/en\/wp-json\/wp\/v2\/product"}],"about":[{"href":"https:\/\/shop.tjasha.si\/en\/wp-json\/wp\/v2\/types\/product"}],"version-history":[{"count":1,"href":"https:\/\/shop.tjasha.si\/en\/wp-json\/wp\/v2\/product\/4203\/revisions"}],"predecessor-version":[{"id":10173,"href":"https:\/\/shop.tjasha.si\/en\/wp-json\/wp\/v2\/product\/4203\/revisions\/10173"}],"wp:featuredmedia":[{"embeddable":true,"href":"https:\/\/shop.tjasha.si\/en\/wp-json\/wp\/v2\/media\/10172"}],"wp:attachment":[{"href":"https:\/\/shop.tjasha.si\/en\/wp-json\/wp\/v2\/media?parent=4203"}],"wp:term":[{"taxonomy":"product_cat","embeddable":true,"href":"https:\/\/shop.tjasha.si\/en\/wp-json\/wp\/v2\/product_cat?post=4203"},{"taxonomy":"product_tag","embeddable":true,"href":"https:\/\/shop.tjasha.si\/en\/wp-json\/wp\/v2\/product_tag?post=4203"}],"curies":[{"name":"wp","href":"https:\/\/api.w.org\/{rel}","templated":true}]}}