{"id":4205,"date":"2016-06-23T10:00:53","date_gmt":"2016-06-23T10:00:53","guid":{"rendered":"https:\/\/shop.tjasha.si\/product\/joigeltm-firm\/"},"modified":"2026-03-15T10:54:23","modified_gmt":"2026-03-15T10:54:23","slug":"joigeltm-firm","status":"publish","type":"product","link":"https:\/\/shop.tjasha.si\/en\/trgovina\/joigeltm-firm\/","title":{"rendered":"Joico JoiGel Firm -Gel za lase 250ml"},"content":{"rendered":"<p><span style=\"font-weight: bold\">Primeren za<\/span>: gel z mo\u010dnim utrjevanjem<\/p>\n<p><span style=\"font-weight: bold\">U\u010dinki<\/span>: Nudi podporo in kontolo ter sijaj pri\u010deski in se ne drobi.\u0160\u010diti pred UV \u017earki in negativnimi vplivi iz okolja.Omogo\u010da maksimalno kontrolo, strukturo in sijaj te\u017eko obvladljivim lasem.<\/p>","protected":false},"excerpt":{"rendered":"<p>Nudi \u010dvrsto oporo pri\u010deski in oblikuje tudi te\u017eko obvladljive lase.<\/p>","protected":false},"featured_media":10170,"template":"","meta":{"_acf_changed":false,"inline_featured_image":false,"_monsterinsights_skip_tracking":false,"_monsterinsights_sitenote_active":false,"_monsterinsights_sitenote_note":"","_monsterinsights_sitenote_category":0},"product_cat":[153,155,154,273,205,285],"product_tag":[],"aioseo_notices":[],"acf":[],"_links":{"self":[{"href":"https:\/\/shop.tjasha.si\/en\/wp-json\/wp\/v2\/product\/4205"}],"collection":[{"href":"https:\/\/shop.tjasha.si\/en\/wp-json\/wp\/v2\/product"}],"about":[{"href":"https:\/\/shop.tjasha.si\/en\/wp-json\/wp\/v2\/types\/product"}],"version-history":[{"count":3,"href":"https:\/\/shop.tjasha.si\/en\/wp-json\/wp\/v2\/product\/4205\/revisions"}],"predecessor-version":[{"id":10175,"href":"https:\/\/shop.tjasha.si\/en\/wp-json\/wp\/v2\/product\/4205\/revisions\/10175"}],"wp:featuredmedia":[{"embeddable":true,"href":"https:\/\/shop.tjasha.si\/en\/wp-json\/wp\/v2\/media\/10170"}],"wp:attachment":[{"href":"https:\/\/shop.tjasha.si\/en\/wp-json\/wp\/v2\/media?parent=4205"}],"wp:term":[{"taxonomy":"product_cat","embeddable":true,"href":"https:\/\/shop.tjasha.si\/en\/wp-json\/wp\/v2\/product_cat?post=4205"},{"taxonomy":"product_tag","embeddable":true,"href":"https:\/\/shop.tjasha.si\/en\/wp-json\/wp\/v2\/product_tag?post=4205"}],"curies":[{"name":"wp","href":"https:\/\/api.w.org\/{rel}","templated":true}]}}