{"id":4207,"date":"2022-02-01T13:33:22","date_gmt":"2022-02-01T13:33:22","guid":{"rendered":"https:\/\/shop.tjasha.si\/?post_type=product&#038;p=4207"},"modified":"2026-03-15T10:48:43","modified_gmt":"2026-03-15T10:48:43","slug":"joiwhiptm-disabled","status":"publish","type":"product","link":"https:\/\/shop.tjasha.si\/en\/trgovina\/joiwhiptm-disabled\/","title":{"rendered":"Joico JoiWhip &#8211; Pena za lase 300 ml"},"content":{"rendered":"<p><span style=\"font-weight: bold\">Primeren za<\/span>: pri\u010deske z mo\u010dim utrjevanje<\/p>\n<p><span style=\"font-weight: bold\">U\u010dinki<\/span>:Nealkoholna pena z mo\u010dnim utrjevanjem, kukuijevim oljem, omogo\u010da izjemen sijaj, struktuo in volumen.\u0160\u010diti pred UV \u017earki in negativnimi vplivi iz okolja.<\/p>","protected":false},"excerpt":{"rendered":"<p>Naredi izjemen volumen in polnost las, ter lepo definira kodre. Mo\u010d utrjevanja 07.<\/p>","protected":false},"featured_media":10166,"template":"","meta":{"_acf_changed":false,"inline_featured_image":false,"_monsterinsights_skip_tracking":false,"_monsterinsights_sitenote_active":false,"_monsterinsights_sitenote_note":"","_monsterinsights_sitenote_category":0},"product_cat":[153,155,154,273,205,285],"product_tag":[],"aioseo_notices":[],"acf":[],"_links":{"self":[{"href":"https:\/\/shop.tjasha.si\/en\/wp-json\/wp\/v2\/product\/4207"}],"collection":[{"href":"https:\/\/shop.tjasha.si\/en\/wp-json\/wp\/v2\/product"}],"about":[{"href":"https:\/\/shop.tjasha.si\/en\/wp-json\/wp\/v2\/types\/product"}],"version-history":[{"count":3,"href":"https:\/\/shop.tjasha.si\/en\/wp-json\/wp\/v2\/product\/4207\/revisions"}],"predecessor-version":[{"id":10167,"href":"https:\/\/shop.tjasha.si\/en\/wp-json\/wp\/v2\/product\/4207\/revisions\/10167"}],"wp:featuredmedia":[{"embeddable":true,"href":"https:\/\/shop.tjasha.si\/en\/wp-json\/wp\/v2\/media\/10166"}],"wp:attachment":[{"href":"https:\/\/shop.tjasha.si\/en\/wp-json\/wp\/v2\/media?parent=4207"}],"wp:term":[{"taxonomy":"product_cat","embeddable":true,"href":"https:\/\/shop.tjasha.si\/en\/wp-json\/wp\/v2\/product_cat?post=4207"},{"taxonomy":"product_tag","embeddable":true,"href":"https:\/\/shop.tjasha.si\/en\/wp-json\/wp\/v2\/product_tag?post=4207"}],"curies":[{"name":"wp","href":"https:\/\/api.w.org\/{rel}","templated":true}]}}