{"id":4215,"date":"2016-06-23T10:00:53","date_gmt":"2016-06-23T10:00:53","guid":{"rendered":"https:\/\/shop.tjasha.si\/product\/k-pak-clarify-chelating-shampoo\/"},"modified":"2026-03-15T10:54:24","modified_gmt":"2026-03-15T10:54:24","slug":"k-pak-clarify-chelating-shampoo","status":"publish","type":"product","link":"https:\/\/shop.tjasha.si\/en\/trgovina\/k-pak-clarify-chelating-shampoo\/","title":{"rendered":"Joico K-pak Clarifly Chelating Shampoo &#8211; \u0160ampon za intenzivno \u010di\u0161\u010denje lasu 300ml"},"content":{"rendered":"<h3>Postopek intezivnega \u010di&scaron;\u010denja<\/h3>\n<p><strong>Priporo\u010damo za:<\/strong><\/p>\n<ul>\n<li>Vse vrste las, razen tistih, ki so bili nedavno barvani<\/li>\n<li>1. korak K-PAK -ovega sistema za obnovo las<\/li>\n<li>priprava pred kemi\u010dno obdelavo<\/li>\n<li>redno \u010di&scaron;\u010denje in intenzivno \u010di&scaron;\u010denje, ki iz las odstrani vse obloge<\/li>\n<li>stranke, ki uporabljajo trdo vodo ali vodo iz vodnjaka<\/li>\n<\/ul>\n<p><strong>Posebne zna\u010dilnosti:<\/strong><\/p>\n<ul>\n<li>o\u010disti lase<\/li>\n<li>odstrani mineralne obloge in ostanke preparatov za oblikovanje, ter vse lasne tujke<\/li>\n<li>kremasta formula navla\u017ei in zgladi lase<\/li>\n<li>pH: 4,5 &ndash;5,5<\/li>\n<\/ul>\n<p><strong>Prednosti:<\/strong><\/p>\n<ul>\n<li>Ni\u010d ne more lasem prepre\u010diti, da bi dosegli popolno obnovo<\/li>\n<li>Odli\u010den ob\u010dutek pri \u010desanju po postopku intenzivnega \u010di&scaron;\u010denja<\/li>\n<\/ul>\n<p><strong>Kon\u010dni rezultat:<\/strong><\/p>\n<ul>\n<li>Lasje se zdijo ukro\u010deni,  navla\u017eeni, gladki, ble&scaron;\u010de\u010di in v dobri formi. Ob\u010dutek, ki ga ponavadi ne  pripisujemo intenzivnemu \u010di&scaron;\u010denju.<\/li>\n<\/ul>","protected":false},"excerpt":{"rendered":"<p>Namenjen je vsem vrstam las, da jih temeljito o\u010disti vseh izdelkov za oblikovanje in oblog, ki se nalagajo na laseh.<\/p>","protected":false},"featured_media":4214,"template":"","meta":{"_acf_changed":false,"inline_featured_image":false,"_monsterinsights_skip_tracking":false,"_monsterinsights_sitenote_active":false,"_monsterinsights_sitenote_note":"","_monsterinsights_sitenote_category":0},"product_cat":[153,155,154,270,276,205],"product_tag":[],"aioseo_notices":[],"acf":[],"_links":{"self":[{"href":"https:\/\/shop.tjasha.si\/en\/wp-json\/wp\/v2\/product\/4215"}],"collection":[{"href":"https:\/\/shop.tjasha.si\/en\/wp-json\/wp\/v2\/product"}],"about":[{"href":"https:\/\/shop.tjasha.si\/en\/wp-json\/wp\/v2\/types\/product"}],"version-history":[{"count":1,"href":"https:\/\/shop.tjasha.si\/en\/wp-json\/wp\/v2\/product\/4215\/revisions"}],"predecessor-version":[{"id":10094,"href":"https:\/\/shop.tjasha.si\/en\/wp-json\/wp\/v2\/product\/4215\/revisions\/10094"}],"wp:featuredmedia":[{"embeddable":true,"href":"https:\/\/shop.tjasha.si\/en\/wp-json\/wp\/v2\/media\/4214"}],"wp:attachment":[{"href":"https:\/\/shop.tjasha.si\/en\/wp-json\/wp\/v2\/media?parent=4215"}],"wp:term":[{"taxonomy":"product_cat","embeddable":true,"href":"https:\/\/shop.tjasha.si\/en\/wp-json\/wp\/v2\/product_cat?post=4215"},{"taxonomy":"product_tag","embeddable":true,"href":"https:\/\/shop.tjasha.si\/en\/wp-json\/wp\/v2\/product_tag?post=4215"}],"curies":[{"name":"wp","href":"https:\/\/api.w.org\/{rel}","templated":true}]}}