{"id":4264,"date":"2022-02-01T13:33:07","date_gmt":"2022-02-01T13:33:07","guid":{"rendered":"https:\/\/shop.tjasha.si\/?post_type=product&#038;p=4264"},"modified":"2026-03-15T10:49:15","modified_gmt":"2026-03-15T10:49:15","slug":"design-colection-humidity-blocker-disabled","status":"publish","type":"product","link":"https:\/\/shop.tjasha.si\/en\/trgovina\/design-colection-humidity-blocker-disabled\/","title":{"rendered":"Humidity Blocker &#8211; Sprej za za\u0161\u010dito las 150ml"},"content":{"rendered":"<ul>\n<li>za vse vrste las<\/li>\n<li>ni\u010d utrjevanja in ne\u017een sijaj<\/li>\n<li>ustvari za\u0161\u010dito na laseh pred vlago<\/li>\n<li>obvladuje be\u017ee\u010de lase<\/li>\n<\/ul>","protected":false},"excerpt":{"rendered":"<p>Namenjen je za dokon\u010danje pri\u010deske brez utrjevanja z ne\u017enim sijajem. Ustvari za\u0161\u010dito na laseh pred vlago, ter obvladuje be\u017ee\u010de lase.<\/p>","protected":false},"featured_media":10168,"template":"","meta":{"_acf_changed":false,"inline_featured_image":false,"_monsterinsights_skip_tracking":false,"_monsterinsights_sitenote_active":false,"_monsterinsights_sitenote_note":"","_monsterinsights_sitenote_category":0},"product_cat":[155,154,285],"product_tag":[],"aioseo_notices":[],"acf":[],"_links":{"self":[{"href":"https:\/\/shop.tjasha.si\/en\/wp-json\/wp\/v2\/product\/4264"}],"collection":[{"href":"https:\/\/shop.tjasha.si\/en\/wp-json\/wp\/v2\/product"}],"about":[{"href":"https:\/\/shop.tjasha.si\/en\/wp-json\/wp\/v2\/types\/product"}],"version-history":[{"count":2,"href":"https:\/\/shop.tjasha.si\/en\/wp-json\/wp\/v2\/product\/4264\/revisions"}],"predecessor-version":[{"id":10169,"href":"https:\/\/shop.tjasha.si\/en\/wp-json\/wp\/v2\/product\/4264\/revisions\/10169"}],"wp:featuredmedia":[{"embeddable":true,"href":"https:\/\/shop.tjasha.si\/en\/wp-json\/wp\/v2\/media\/10168"}],"wp:attachment":[{"href":"https:\/\/shop.tjasha.si\/en\/wp-json\/wp\/v2\/media?parent=4264"}],"wp:term":[{"taxonomy":"product_cat","embeddable":true,"href":"https:\/\/shop.tjasha.si\/en\/wp-json\/wp\/v2\/product_cat?post=4264"},{"taxonomy":"product_tag","embeddable":true,"href":"https:\/\/shop.tjasha.si\/en\/wp-json\/wp\/v2\/product_tag?post=4264"}],"curies":[{"name":"wp","href":"https:\/\/api.w.org\/{rel}","templated":true}]}}