{"id":4279,"date":"2016-06-23T10:00:54","date_gmt":"2016-06-23T10:00:54","guid":{"rendered":"https:\/\/shop.tjasha.si\/product\/sampon-za-suhe-poskodovane-lase\/"},"modified":"2026-03-15T10:54:20","modified_gmt":"2026-03-15T10:54:20","slug":"sampon-za-suhe-poskodovane-lase","status":"publish","type":"product","link":"https:\/\/shop.tjasha.si\/en\/trgovina\/sampon-za-suhe-poskodovane-lase\/","title":{"rendered":"Joico K-pak Shampoo &#8211; \u0160ampon za suhe, po\u0161kodovane lase 300 ml"},"content":{"rendered":"<h3>Za po&scaron;kodovane lase<\/h3>\n<p>Ne\u017eno cistilni &scaron;ampon za dnevno uporabo, popravlja in obnavlja po&scaron;kodovanelase.<\/p>\n<p><strong>Priporo\u010damo za:<\/strong><\/p>\n<ul>\n<li>Vse vrste las<\/li>\n<li>Stranke, ki si \u017eelijo &scaron;ampon, ki  je rezultat najnovej&scaron;ih raziskav, tako da je njegovo delovanje  neprimerljivo in pomaga pri obnovi po&scaron;kodovanih las<\/li>\n<li>Lase, ki so zaradi kemi\u010dne, toplotne obdelave in\/ ali okolskih vplivov po&scaron;kodovani<\/li>\n<li>Utrujeni, &scaron;ibki in iz\u010drpani lasje<\/li>\n<\/ul>\n<p><strong>Posebne zna\u010dilnosti:<\/strong><\/p>\n<ul>\n<li>za vsakodnevno uporabo<\/li>\n<li>namenjen za\u010detku obnovitvnega postopka<\/li>\n<li>ima edinstveno, kremasto osnovo<\/li>\n<li>blago umije lase<\/li>\n<li>povrne izgubljene aminokisline<\/li>\n<li>zapolni po&scaron;kodovane predele kutikule<\/li>\n<li>ne vpliva na obstojnost barv<\/li>\n<li>pH: 4,5 &ndash;5,5<\/li>\n<\/ul>\n<p><strong>Prednosti:<\/strong><\/p>\n<ul>\n<li>Pove\u010da pro\u017enost, mo\u010d in sijaj las<\/li>\n<li>Lasem povrne prvotno mo\u010d in izgled<\/li>\n<\/ul>\n<p><strong>Kon\u010dni rezultat:<\/strong><\/p>\n<ul>\n<li>Natezna trdnost las se merljivo pove\u010da<\/li>\n<li>Lasje se bolj odzivajo na oblikovanje in so vidno bolj pro\u017eni<\/li>\n<\/ul>","protected":false},"excerpt":{"rendered":"<p>Ne\u017eno cistilni &scaron;ampon za dnevno uporabo, popravlja in obnavlja po&scaron;kodovane lase.<\/p>","protected":false},"featured_media":4277,"template":"","meta":{"_acf_changed":false,"inline_featured_image":false,"_monsterinsights_skip_tracking":false,"_monsterinsights_sitenote_active":false,"_monsterinsights_sitenote_note":"","_monsterinsights_sitenote_category":0},"product_cat":[153,155,154,270,276,205],"product_tag":[],"aioseo_notices":[],"acf":[],"_links":{"self":[{"href":"https:\/\/shop.tjasha.si\/en\/wp-json\/wp\/v2\/product\/4279"}],"collection":[{"href":"https:\/\/shop.tjasha.si\/en\/wp-json\/wp\/v2\/product"}],"about":[{"href":"https:\/\/shop.tjasha.si\/en\/wp-json\/wp\/v2\/types\/product"}],"version-history":[{"count":1,"href":"https:\/\/shop.tjasha.si\/en\/wp-json\/wp\/v2\/product\/4279\/revisions"}],"predecessor-version":[{"id":10105,"href":"https:\/\/shop.tjasha.si\/en\/wp-json\/wp\/v2\/product\/4279\/revisions\/10105"}],"wp:featuredmedia":[{"embeddable":true,"href":"https:\/\/shop.tjasha.si\/en\/wp-json\/wp\/v2\/media\/4277"}],"wp:attachment":[{"href":"https:\/\/shop.tjasha.si\/en\/wp-json\/wp\/v2\/media?parent=4279"}],"wp:term":[{"taxonomy":"product_cat","embeddable":true,"href":"https:\/\/shop.tjasha.si\/en\/wp-json\/wp\/v2\/product_cat?post=4279"},{"taxonomy":"product_tag","embeddable":true,"href":"https:\/\/shop.tjasha.si\/en\/wp-json\/wp\/v2\/product_tag?post=4279"}],"curies":[{"name":"wp","href":"https:\/\/api.w.org\/{rel}","templated":true}]}}