{"id":4884,"date":"2022-02-01T13:29:40","date_gmt":"2022-02-01T13:29:40","guid":{"rendered":"https:\/\/shop.tjasha.si\/?post_type=product&#038;p=4884"},"modified":"2023-01-05T07:38:34","modified_gmt":"2023-01-05T07:38:34","slug":"c2-likalnik-disabled","status":"publish","type":"product","link":"https:\/\/shop.tjasha.si\/en\/trgovina\/c2-likalnik-disabled\/","title":{"rendered":"C2 likalnik &#8211; rde\u010da"},"content":{"rendered":"<p>Nano silver tehnologija je po\u0161kropljena po plo\u0161\u010dah, tako da se z uporabo likalnika za lase na plo\u0161\u010dah naredi prevleka, ki o\u010disti in ubije 99,9% bakterij na va\u0161ih laseh. Sedaj lahko isto\u010dasno stilsko obdelate in o\u010distite va\u0161e lase.<\/p>\n<p>Plo\u0161\u010di C2 likalnika za lase se neverjetno raz\u0161irita, ko sta topli in tako zagotovita perfektno prileganje med ravnanjem. Oddajata negativno infra ionsko energijo, ki naredi lase mehke in svilene, obenem pa omogo\u010da maksimalne stilske zmo\u017enosti.<\/p>\n<p>Kaj odlikuje novi ravnalec las corioliss C2?<\/p>\n<p>&#8211; 11 cm dolgi in 2,5 cm \u0161iroki plo\u0161\u010di iz titana z do\u017eivljensko garancijo in Nano Silver tehnologijo<br \/>\n&#8211; zelo tanek ergonomi\u010den dizajn za najla\u017ejo uporabo (najtanj\u0161i ravnalec na svetu)<br \/>\n&#8211; infrarde\u010di dolgovalovni grelec z negativno ionsko tehnologijo<br \/>\n&#8211; segreje se v neverjetnih 6 sekundah<br \/>\n&#8211; digitalni upravljalnik s spremenljivo temperaturo (60 st. C do 210 st. C)<br \/>\n&#8211; varnostna funkcija, ki izklopi ravnalec las po 30 minutah uporabe<br \/>\n&#8211; 3 m dolg priklju\u010dni kabel z vrtljivim kontaktom<\/p>","protected":false},"excerpt":{"rendered":"<p>Coriolissov C2 likalnik za lase vsebuje trdni plo\u0161\u010di iz titana z <strong>Nano Silver tehnologijo<\/strong>,<\/p>","protected":false},"featured_media":4883,"template":"","meta":{"_acf_changed":false,"inline_featured_image":false,"_monsterinsights_skip_tracking":false,"_monsterinsights_sitenote_active":false,"_monsterinsights_sitenote_note":"","_monsterinsights_sitenote_category":0},"product_cat":[15],"product_tag":[],"aioseo_notices":[],"acf":[],"_links":{"self":[{"href":"https:\/\/shop.tjasha.si\/en\/wp-json\/wp\/v2\/product\/4884"}],"collection":[{"href":"https:\/\/shop.tjasha.si\/en\/wp-json\/wp\/v2\/product"}],"about":[{"href":"https:\/\/shop.tjasha.si\/en\/wp-json\/wp\/v2\/types\/product"}],"version-history":[{"count":2,"href":"https:\/\/shop.tjasha.si\/en\/wp-json\/wp\/v2\/product\/4884\/revisions"}],"predecessor-version":[{"id":9404,"href":"https:\/\/shop.tjasha.si\/en\/wp-json\/wp\/v2\/product\/4884\/revisions\/9404"}],"wp:featuredmedia":[{"embeddable":true,"href":"https:\/\/shop.tjasha.si\/en\/wp-json\/wp\/v2\/media\/4883"}],"wp:attachment":[{"href":"https:\/\/shop.tjasha.si\/en\/wp-json\/wp\/v2\/media?parent=4884"}],"wp:term":[{"taxonomy":"product_cat","embeddable":true,"href":"https:\/\/shop.tjasha.si\/en\/wp-json\/wp\/v2\/product_cat?post=4884"},{"taxonomy":"product_tag","embeddable":true,"href":"https:\/\/shop.tjasha.si\/en\/wp-json\/wp\/v2\/product_tag?post=4884"}],"curies":[{"name":"wp","href":"https:\/\/api.w.org\/{rel}","templated":true}]}}