{"id":4894,"date":"2016-06-23T10:01:03","date_gmt":"2016-06-23T10:01:03","guid":{"rendered":"https:\/\/shop.tjasha.si\/product\/c2-lcity-style-titanium-likalnik\/"},"modified":"2023-01-05T07:40:12","modified_gmt":"2023-01-05T07:40:12","slug":"c2-lcity-style-titanium-likalnik","status":"publish","type":"product","link":"https:\/\/shop.tjasha.si\/en\/trgovina\/c2-lcity-style-titanium-likalnik\/","title":{"rendered":"City style Titanium likalnik- zlata"},"content":{"rendered":"<p>Plo\u0161\u010di likalnika za lase se neverjetno raz\u0161irita, ko sta topli in tako zagotovita perfektno prileganje med ravnanjem. Naredi lase mehke in svilene, obenem pa omogo\u010da maksimalne stilske zmo\u017enosti.  <\/p>\n<p>Kaj odlikuje ravnalec las ?  <\/p>\n<p>&#8211; 11 cm dolgi in 2,5 cm \u0161iroki plo\u0161\u010di iz titana<br \/>\n&#8211; zelo tanek ergonomi\u010den dizajn za najla\u017ejo uporabo<br \/>\n&#8211; segreje se v neverjetnih 6 sekundah<br \/>\n&#8211; digitalni upravljalnik s spremenljivo temperaturo (60 st. C do 210 st. C)<br \/>\n&#8211; kabel z vrtljivim kontaktom<\/p>","protected":false},"excerpt":{"rendered":"<p>Likalnik za lase vsebuje trdni plo\u0161\u010di iz titaniuma.<\/p>","protected":false},"featured_media":4893,"template":"","meta":{"_acf_changed":false,"inline_featured_image":false,"_monsterinsights_skip_tracking":false,"_monsterinsights_sitenote_active":false,"_monsterinsights_sitenote_note":"","_monsterinsights_sitenote_category":0},"product_cat":[15],"product_tag":[],"aioseo_notices":[],"acf":[],"_links":{"self":[{"href":"https:\/\/shop.tjasha.si\/en\/wp-json\/wp\/v2\/product\/4894"}],"collection":[{"href":"https:\/\/shop.tjasha.si\/en\/wp-json\/wp\/v2\/product"}],"about":[{"href":"https:\/\/shop.tjasha.si\/en\/wp-json\/wp\/v2\/types\/product"}],"version-history":[{"count":1,"href":"https:\/\/shop.tjasha.si\/en\/wp-json\/wp\/v2\/product\/4894\/revisions"}],"predecessor-version":[{"id":9405,"href":"https:\/\/shop.tjasha.si\/en\/wp-json\/wp\/v2\/product\/4894\/revisions\/9405"}],"wp:featuredmedia":[{"embeddable":true,"href":"https:\/\/shop.tjasha.si\/en\/wp-json\/wp\/v2\/media\/4893"}],"wp:attachment":[{"href":"https:\/\/shop.tjasha.si\/en\/wp-json\/wp\/v2\/media?parent=4894"}],"wp:term":[{"taxonomy":"product_cat","embeddable":true,"href":"https:\/\/shop.tjasha.si\/en\/wp-json\/wp\/v2\/product_cat?post=4894"},{"taxonomy":"product_tag","embeddable":true,"href":"https:\/\/shop.tjasha.si\/en\/wp-json\/wp\/v2\/product_tag?post=4894"}],"curies":[{"name":"wp","href":"https:\/\/api.w.org\/{rel}","templated":true}]}}