{"id":4905,"date":"2016-06-23T10:01:03","date_gmt":"2016-06-23T10:01:03","guid":{"rendered":"https:\/\/shop.tjasha.si\/product\/k-pak-conditioner-2\/"},"modified":"2026-03-15T10:54:18","modified_gmt":"2026-03-15T10:54:18","slug":"k-pak-conditioner-2","status":"publish","type":"product","link":"https:\/\/shop.tjasha.si\/en\/trgovina\/k-pak-conditioner-2\/","title":{"rendered":"Joico K-pak Conditioner &#8211; Balzam za suhe, po\u0161kodovane lase 1000 ml"},"content":{"rendered":"<\/p>\n<h4>Posebne zna\u010dilnosti:<\/h4>\n<ul>\n<li>dnevni regenerator z veliko vlage<\/li>\n<li>lasem obnovi notranjost in kutikulo<\/li>\n<li>dovolj lahek, da ga lahko uporabimo pri tankih laseh<\/li>\n<li>dovolj bogat za goste, izsu&scaron;ene lase<\/li>\n<li>povrne izgubljene aminokisline<\/li>\n<li>ne vpliva na obstojnost barv<\/li>\n<li>pH: 4,5-5,5<\/li>\n<\/ul>\n<h4>Navodilo za uporabo:<\/h4>\n<p>Po &scaron;amponiranju, nanesi majhno koli\u010dino izdelka K-PAK Conditioner na vla\u017ene lase inpustite delovati vasj 1 minuto. Nato lase raz\u010de&scaron;ite in izperite balzam.<\/p>","protected":false},"excerpt":{"rendered":"<\/p>\n<h3>[b][b]Balzam[\/b]a za po&scaron;kodovane lase[\/b]<\/h3>\n<p>Z vlago obogaten dnevni balzam, ki lase neguje iz notranjosti navzven. Namenjen izsu&scaron;enim, po&scaron;kodovanim lasem.<\/p>","protected":false},"featured_media":4904,"template":"","meta":{"_acf_changed":false,"inline_featured_image":false,"_monsterinsights_skip_tracking":false,"_monsterinsights_sitenote_active":false,"_monsterinsights_sitenote_note":"","_monsterinsights_sitenote_category":0},"product_cat":[241,153,155,154,270,205],"product_tag":[],"aioseo_notices":[],"acf":[],"_links":{"self":[{"href":"https:\/\/shop.tjasha.si\/en\/wp-json\/wp\/v2\/product\/4905"}],"collection":[{"href":"https:\/\/shop.tjasha.si\/en\/wp-json\/wp\/v2\/product"}],"about":[{"href":"https:\/\/shop.tjasha.si\/en\/wp-json\/wp\/v2\/types\/product"}],"version-history":[{"count":1,"href":"https:\/\/shop.tjasha.si\/en\/wp-json\/wp\/v2\/product\/4905\/revisions"}],"predecessor-version":[{"id":10103,"href":"https:\/\/shop.tjasha.si\/en\/wp-json\/wp\/v2\/product\/4905\/revisions\/10103"}],"wp:featuredmedia":[{"embeddable":true,"href":"https:\/\/shop.tjasha.si\/en\/wp-json\/wp\/v2\/media\/4904"}],"wp:attachment":[{"href":"https:\/\/shop.tjasha.si\/en\/wp-json\/wp\/v2\/media?parent=4905"}],"wp:term":[{"taxonomy":"product_cat","embeddable":true,"href":"https:\/\/shop.tjasha.si\/en\/wp-json\/wp\/v2\/product_cat?post=4905"},{"taxonomy":"product_tag","embeddable":true,"href":"https:\/\/shop.tjasha.si\/en\/wp-json\/wp\/v2\/product_tag?post=4905"}],"curies":[{"name":"wp","href":"https:\/\/api.w.org\/{rel}","templated":true}]}}