{"id":4927,"date":"2016-06-23T10:01:04","date_gmt":"2016-06-23T10:01:04","guid":{"rendered":"https:\/\/shop.tjasha.si\/product\/k-pak-clarify-chelating-shampoo-2\/"},"modified":"2026-03-15T10:54:16","modified_gmt":"2026-03-15T10:54:16","slug":"k-pak-clarify-chelating-shampoo-2","status":"publish","type":"product","link":"https:\/\/shop.tjasha.si\/en\/trgovina\/k-pak-clarify-chelating-shampoo-2\/","title":{"rendered":"K-pak Chelating shampoo \u0160ampon za intenzivno \u010di\u0161\u010denje lasu 1000ml"},"content":{"rendered":"<p>P<\/p>\n<h3>OSTOPEK INTENZIVNEGA \u010cI\u0161\u010cENJA<\/h3>\n<p><strong>Priporo\u010damo za:<\/strong><\/p>\n<ul>\n<li>Vse vrste las, razen tistih, ki so bili nedavno barvani<\/li>\n<li>1. korak K-PAK -ovega sistema za obnovo las<\/li>\n<li>priprava pred kemi\u010dno obdelavo<\/li>\n<li>redno \u010di\u0161\u010denje in intenzivno \u010di\u0161\u010denje, ki iz las odstrani vse obloge<\/li>\n<li>stranke, ki uporabljajo trdo vodo ali vodo iz vodnjaka<\/li>\n<\/ul>\n<p><strong>Posebne zna\u010dilnosti:<\/strong><\/p>\n<ul>\n<li>o\u010disti lase<\/li>\n<li>odstrani mineralne obloge in ostanke preparatov za oblikovanje, ter vse lasne tujke<\/li>\n<li>kremasta formula navla\u017ei in zgladi lase<\/li>\n<li>pH: 4,5 -5,5<\/li>\n<\/ul>\n<p><strong>Navodila za uporabo:<\/strong><\/p>\n<ul>\n<li>Kot prvi korak v K-PAK sistemu za obnovo las, nanesi na mokre lase, namili<\/li>\n<li>Utiraj 5 minut. Speri<\/li>\n<\/ul>\n<p><strong>Nasveti za uporabo:<\/strong><\/p>\n<ul>\n<li>V salonu uporabi izdelke K-PAK Hair Repair System in priporo\u010di recept potrebnih izdelkov iz razli\u010dnih Joicovih linij kot program vzdr\u017eevanja, da tako ustvarimo popoln zdravstveni sistem za lase<\/li>\n<\/ul>\n<p><strong>Prednosti:<\/strong><\/p>\n<ul>\n<li>Ni\u010d ne more lasem prepre\u010diti, da bi dosegli popolno obnovo<\/li>\n<li>Odli\u010den ob\u010dutek pri \u010desanju po postopku intenzivnega \u010di\u0161\u010denja<\/li>\n<\/ul>\n<ul>\n<li>za vse vrste las, razen tistih, ki so bili nedavno barvani<\/li>\n<li>o\u010disti vse obloge, ki se nalagajo na laseh<\/li>\n<li>kremasta formula navla\u017ei in zgladi lase<\/li>\n<li>pH 4.5 &#8211; 5.5<\/li>\n<\/ul>","protected":false},"excerpt":{"rendered":"<p>Namenjen je vsem vrstam las, da jih temeljito o\u010disti vseh izdelkov za oblikovanje in oblog, ki se nalagajo na laseh.<\/p>","protected":false},"featured_media":10206,"template":"","meta":{"_acf_changed":false,"inline_featured_image":false,"_monsterinsights_skip_tracking":false,"_monsterinsights_sitenote_active":false,"_monsterinsights_sitenote_note":"","_monsterinsights_sitenote_category":0},"product_cat":[153,155,154,270,199,276,282],"product_tag":[],"aioseo_notices":[],"acf":[],"_links":{"self":[{"href":"https:\/\/shop.tjasha.si\/en\/wp-json\/wp\/v2\/product\/4927"}],"collection":[{"href":"https:\/\/shop.tjasha.si\/en\/wp-json\/wp\/v2\/product"}],"about":[{"href":"https:\/\/shop.tjasha.si\/en\/wp-json\/wp\/v2\/types\/product"}],"version-history":[{"count":3,"href":"https:\/\/shop.tjasha.si\/en\/wp-json\/wp\/v2\/product\/4927\/revisions"}],"predecessor-version":[{"id":10208,"href":"https:\/\/shop.tjasha.si\/en\/wp-json\/wp\/v2\/product\/4927\/revisions\/10208"}],"wp:featuredmedia":[{"embeddable":true,"href":"https:\/\/shop.tjasha.si\/en\/wp-json\/wp\/v2\/media\/10206"}],"wp:attachment":[{"href":"https:\/\/shop.tjasha.si\/en\/wp-json\/wp\/v2\/media?parent=4927"}],"wp:term":[{"taxonomy":"product_cat","embeddable":true,"href":"https:\/\/shop.tjasha.si\/en\/wp-json\/wp\/v2\/product_cat?post=4927"},{"taxonomy":"product_tag","embeddable":true,"href":"https:\/\/shop.tjasha.si\/en\/wp-json\/wp\/v2\/product_tag?post=4927"}],"curies":[{"name":"wp","href":"https:\/\/api.w.org\/{rel}","templated":true}]}}