{"id":4990,"date":"2016-06-23T10:01:05","date_gmt":"2016-06-23T10:01:05","guid":{"rendered":"https:\/\/shop.tjasha.si\/product\/likalnik-za-lase-ga-ma-cp3lto\/"},"modified":"2016-06-23T10:01:05","modified_gmt":"2016-06-23T10:01:05","slug":"likalnik-za-lase-ga-ma-cp3lto","status":"publish","type":"product","link":"https:\/\/shop.tjasha.si\/en\/trgovina\/likalnik-za-lase-ga-ma-cp3lto\/","title":{"rendered":"Ga.ma Likalnik CP3 turmaline laser ion"},"content":{"rendered":"<p>Hitra infra rde\u010da toplota je veliko bolj ne\u017ena od obi\u010dajne toplote.  Prodre direktno v center lasnega vlakna, ga zgladi in za&scaron;\u010diti njegovo zunanjost.  Rezultat so bolj mehki, ukrotljivi in sijo\u010di lase.  Dodani negativni ioni: bolj zdravi, svileni in gladki lasje.<\/p>\n<p><span id=\"result_box\" lang=\"sl\"><br \/> <span>GA.MA<\/span> <span>CP3<\/span> <span>turmalin<\/span> <span>Laser<\/span> <span>Ion<\/span><\/p>\n<p> <span>&bull;<\/span> <span>oddajnik<\/span> <span>ionov<\/span><\/p>\n<p> <span>&bull;<\/span> <span>kerami\u010dna<\/span> <span>kristalna prevleka<\/span> za <\/span><span id=\"result_box\" lang=\"sl\"> <span>plo&scaron;\u010do.<\/span><\/p>\n<p> <span>&bull; svetlobni<\/span> <span>oddajnik<\/span> <span>dioda<\/span><span>.<\/span><\/p>\n<p> <span>&bull;<\/span> <span><\/span>lahko drsenje po laseh<\/p>\n<p> <span>&bull;<\/span> <span>toplotna<\/span> <span>za&scaron;\u010dita<\/span> <\/p>\n<p> <span>&bull;<\/span> <span>laser<\/span><span>&#8211;<\/span><span>ION<\/span> <span>ravnanje<\/span><span>,<\/span> <span>ima<\/span> <span>ionski<\/span> <span>vir<\/span><span>, ki ustvarja<\/span> <span>2.000.000<\/span> <span>ionov<\/span> <span>na<\/span> <span>cm3.<\/span><\/p>\n<p> <span>&bull;<\/span> <span>idealna za<\/span> <span>vsako<\/span> <span>dol\u017eino<\/span> <span>las.<\/span><\/p>\n<p> <span>&bull;<\/span> <span>High Performance<\/span> <span>(HP)<\/span><span>.<\/span><br \/><span><\/span><br \/> <span><\/span><br \/><\/span><\/p>","protected":false},"excerpt":{"rendered":"<p>Hitra infra rde\u010da toplota je veliko bolj ne\u017ena od obi\u010dajne toplote. Prodre direktno v center lasnega vlakna, ga zgladi in za\u0161\u010diti .<\/p>","protected":false},"featured_media":4989,"template":"","meta":{"_acf_changed":false,"inline_featured_image":false,"_monsterinsights_skip_tracking":false,"_monsterinsights_sitenote_active":false,"_monsterinsights_sitenote_note":"","_monsterinsights_sitenote_category":0},"product_cat":[154,160],"product_tag":[],"aioseo_notices":[],"acf":[],"_links":{"self":[{"href":"https:\/\/shop.tjasha.si\/en\/wp-json\/wp\/v2\/product\/4990"}],"collection":[{"href":"https:\/\/shop.tjasha.si\/en\/wp-json\/wp\/v2\/product"}],"about":[{"href":"https:\/\/shop.tjasha.si\/en\/wp-json\/wp\/v2\/types\/product"}],"version-history":[{"count":0,"href":"https:\/\/shop.tjasha.si\/en\/wp-json\/wp\/v2\/product\/4990\/revisions"}],"wp:featuredmedia":[{"embeddable":true,"href":"https:\/\/shop.tjasha.si\/en\/wp-json\/wp\/v2\/media\/4989"}],"wp:attachment":[{"href":"https:\/\/shop.tjasha.si\/en\/wp-json\/wp\/v2\/media?parent=4990"}],"wp:term":[{"taxonomy":"product_cat","embeddable":true,"href":"https:\/\/shop.tjasha.si\/en\/wp-json\/wp\/v2\/product_cat?post=4990"},{"taxonomy":"product_tag","embeddable":true,"href":"https:\/\/shop.tjasha.si\/en\/wp-json\/wp\/v2\/product_tag?post=4990"}],"curies":[{"name":"wp","href":"https:\/\/api.w.org\/{rel}","templated":true}]}}