{"id":4992,"date":"2016-06-23T10:01:05","date_gmt":"2016-06-23T10:01:05","guid":{"rendered":"https:\/\/shop.tjasha.si\/product\/likalnik-cp1-eletronic\/"},"modified":"2016-06-23T10:01:05","modified_gmt":"2016-06-23T10:01:05","slug":"likalnik-cp1-eletronic","status":"publish","type":"product","link":"https:\/\/shop.tjasha.si\/en\/trgovina\/likalnik-cp1-eletronic\/","title":{"rendered":"Ga.ma Likalnik CP1 ceramic eletronic"},"content":{"rendered":"<p>Rezultat po likanju las so bolj mehki, ukrotljivi, sijo\u010di lase in gladki lasje.<br \/>\nLikalnik se hitro segreje in hitro ohladi. Kerami\u010dni plo\u0161\u010di.<br \/>\nIma termostat s katerim lahko prilagodimo temperaturo likalnika gede na strukturo las.<\/p>","protected":false},"excerpt":{"rendered":"<p>Likalnik z termostatom ne\u017eno in temeljito zlika vse vrste las.<\/p>","protected":false},"featured_media":4991,"template":"","meta":{"_acf_changed":false,"inline_featured_image":false,"_monsterinsights_skip_tracking":false,"_monsterinsights_sitenote_active":false,"_monsterinsights_sitenote_note":"","_monsterinsights_sitenote_category":0},"product_cat":[154,160],"product_tag":[],"aioseo_notices":[],"acf":[],"_links":{"self":[{"href":"https:\/\/shop.tjasha.si\/en\/wp-json\/wp\/v2\/product\/4992"}],"collection":[{"href":"https:\/\/shop.tjasha.si\/en\/wp-json\/wp\/v2\/product"}],"about":[{"href":"https:\/\/shop.tjasha.si\/en\/wp-json\/wp\/v2\/types\/product"}],"version-history":[{"count":0,"href":"https:\/\/shop.tjasha.si\/en\/wp-json\/wp\/v2\/product\/4992\/revisions"}],"wp:featuredmedia":[{"embeddable":true,"href":"https:\/\/shop.tjasha.si\/en\/wp-json\/wp\/v2\/media\/4991"}],"wp:attachment":[{"href":"https:\/\/shop.tjasha.si\/en\/wp-json\/wp\/v2\/media?parent=4992"}],"wp:term":[{"taxonomy":"product_cat","embeddable":true,"href":"https:\/\/shop.tjasha.si\/en\/wp-json\/wp\/v2\/product_cat?post=4992"},{"taxonomy":"product_tag","embeddable":true,"href":"https:\/\/shop.tjasha.si\/en\/wp-json\/wp\/v2\/product_tag?post=4992"}],"curies":[{"name":"wp","href":"https:\/\/api.w.org\/{rel}","templated":true}]}}