{"id":4994,"date":"2016-06-23T10:01:05","date_gmt":"2016-06-23T10:01:05","guid":{"rendered":"https:\/\/shop.tjasha.si\/product\/likalnik-cp1-eletronic-2\/"},"modified":"2016-06-23T10:01:05","modified_gmt":"2016-06-23T10:01:05","slug":"likalnik-cp1-eletronic-2","status":"publish","type":"product","link":"https:\/\/shop.tjasha.si\/en\/trgovina\/likalnik-cp1-eletronic-2\/","title":{"rendered":"Ga.ma Likalnik CP1 laser ceramic ion"},"content":{"rendered":"<p>&#8211; kerami\u010dne plo\u0161\u010de<br \/>\n&#8211; Ion plo\u0161\u010de<br \/>\n&#8211;  temperatura 200 \u00b0 C (390 \u00b0 F)<br \/>\n&#8211; zasnovan za kratke in dolge lase<br \/>\n&#8211; dose\u017ee delovno temperaturo v nekaj sekundah.<br \/>\n&#8211; kerami\u010dni grelec<br \/>\n&#8211; toplotna za\u0161\u010dita za bolj\u0161e ravnanje z njimi.<br \/>\n&#8211; eno leto garancije<\/p>","protected":false},"excerpt":{"rendered":"<p>Kerami\u010dni likalnik z laser ioni.<\/p>","protected":false},"featured_media":4993,"template":"","meta":{"_acf_changed":false,"inline_featured_image":false,"_monsterinsights_skip_tracking":false,"_monsterinsights_sitenote_active":false,"_monsterinsights_sitenote_note":"","_monsterinsights_sitenote_category":0},"product_cat":[154,160],"product_tag":[],"aioseo_notices":[],"acf":[],"_links":{"self":[{"href":"https:\/\/shop.tjasha.si\/en\/wp-json\/wp\/v2\/product\/4994"}],"collection":[{"href":"https:\/\/shop.tjasha.si\/en\/wp-json\/wp\/v2\/product"}],"about":[{"href":"https:\/\/shop.tjasha.si\/en\/wp-json\/wp\/v2\/types\/product"}],"version-history":[{"count":0,"href":"https:\/\/shop.tjasha.si\/en\/wp-json\/wp\/v2\/product\/4994\/revisions"}],"wp:featuredmedia":[{"embeddable":true,"href":"https:\/\/shop.tjasha.si\/en\/wp-json\/wp\/v2\/media\/4993"}],"wp:attachment":[{"href":"https:\/\/shop.tjasha.si\/en\/wp-json\/wp\/v2\/media?parent=4994"}],"wp:term":[{"taxonomy":"product_cat","embeddable":true,"href":"https:\/\/shop.tjasha.si\/en\/wp-json\/wp\/v2\/product_cat?post=4994"},{"taxonomy":"product_tag","embeddable":true,"href":"https:\/\/shop.tjasha.si\/en\/wp-json\/wp\/v2\/product_tag?post=4994"}],"curies":[{"name":"wp","href":"https:\/\/api.w.org\/{rel}","templated":true}]}}