{"id":5018,"date":"2016-06-23T10:01:05","date_gmt":"2016-06-23T10:01:05","guid":{"rendered":"https:\/\/shop.tjasha.si\/product\/color-endure-leave-in-protectant-for-long-lasting-color\/"},"modified":"2026-03-15T10:53:50","modified_gmt":"2026-03-15T10:53:50","slug":"color-endure-leave-in-protectant-for-long-lasting-color","status":"publish","type":"product","link":"https:\/\/shop.tjasha.si\/en\/trgovina\/color-endure-leave-in-protectant-for-long-lasting-color\/","title":{"rendered":"Joico K-pak Color Therapy Rest Styling Oil 63 ml"},"content":{"rendered":"<p>&#8211; podalj\u0161uje obstojnost na\u0161e barve<br \/>\n&#8211; obnavlja vitalnost, nadzor in upravljivost las<br \/>\n&#8211; obnavlja mehkobo in lesk<br \/>\n&#8211; zmanj\u0161uje \u010das su\u0161enja las<\/p>","protected":false},"excerpt":{"rendered":"<p>Serum naredi lase gladke in sijo\u010de, ter ohranja barvo las.<\/p>","protected":false},"featured_media":5017,"template":"","meta":{"_acf_changed":false,"inline_featured_image":false,"_monsterinsights_skip_tracking":false,"_monsterinsights_sitenote_active":false,"_monsterinsights_sitenote_note":"","_monsterinsights_sitenote_category":0},"product_cat":[153,155,154,254,262,270,277,205],"product_tag":[],"aioseo_notices":[],"acf":[],"_links":{"self":[{"href":"https:\/\/shop.tjasha.si\/en\/wp-json\/wp\/v2\/product\/5018"}],"collection":[{"href":"https:\/\/shop.tjasha.si\/en\/wp-json\/wp\/v2\/product"}],"about":[{"href":"https:\/\/shop.tjasha.si\/en\/wp-json\/wp\/v2\/types\/product"}],"version-history":[{"count":1,"href":"https:\/\/shop.tjasha.si\/en\/wp-json\/wp\/v2\/product\/5018\/revisions"}],"predecessor-version":[{"id":10100,"href":"https:\/\/shop.tjasha.si\/en\/wp-json\/wp\/v2\/product\/5018\/revisions\/10100"}],"wp:featuredmedia":[{"embeddable":true,"href":"https:\/\/shop.tjasha.si\/en\/wp-json\/wp\/v2\/media\/5017"}],"wp:attachment":[{"href":"https:\/\/shop.tjasha.si\/en\/wp-json\/wp\/v2\/media?parent=5018"}],"wp:term":[{"taxonomy":"product_cat","embeddable":true,"href":"https:\/\/shop.tjasha.si\/en\/wp-json\/wp\/v2\/product_cat?post=5018"},{"taxonomy":"product_tag","embeddable":true,"href":"https:\/\/shop.tjasha.si\/en\/wp-json\/wp\/v2\/product_tag?post=5018"}],"curies":[{"name":"wp","href":"https:\/\/api.w.org\/{rel}","templated":true}]}}