{"id":5043,"date":"2016-06-23T10:01:06","date_gmt":"2016-06-23T10:01:06","guid":{"rendered":"https:\/\/shop.tjasha.si\/product\/k-pak-intense-hydrator-2\/"},"modified":"2026-03-15T10:53:50","modified_gmt":"2026-03-15T10:53:50","slug":"k-pak-intense-hydrator-2","status":"publish","type":"product","link":"https:\/\/shop.tjasha.si\/en\/trgovina\/k-pak-intense-hydrator-2\/","title":{"rendered":"K-pak Intense Hydrator &#8211; Intenzivna vla\u017eilna nega las &#8211; 50 ml"},"content":{"rendered":"<p>&nbsp;<\/p>\n<ul>\n<li>povrne izgubljeno vlago in lipide lasem<\/li>\n<li>zapre kutikulo, izbolj\u0161uje pro\u017enost in pove\u010da gibanje las<\/li>\n<li>ne vpliva na obstojnost barv<\/li>\n<li>Ph: 3,5<\/li>\n<\/ul>","protected":false},"excerpt":{"rendered":"<p>Vra\u010da vlago izrazito suhim in po\u0161kodovanim lasem, izbolj\u0161a elasti\u010dnost in prepre\u010duje stati\u010dnost.<\/p>","protected":false},"featured_media":9627,"template":"","meta":{"_acf_changed":false,"inline_featured_image":false,"_monsterinsights_skip_tracking":false,"_monsterinsights_sitenote_active":false,"_monsterinsights_sitenote_note":"","_monsterinsights_sitenote_category":0},"product_cat":[153,155,244,154,270,165],"product_tag":[],"aioseo_notices":[],"acf":[],"_links":{"self":[{"href":"https:\/\/shop.tjasha.si\/en\/wp-json\/wp\/v2\/product\/5043"}],"collection":[{"href":"https:\/\/shop.tjasha.si\/en\/wp-json\/wp\/v2\/product"}],"about":[{"href":"https:\/\/shop.tjasha.si\/en\/wp-json\/wp\/v2\/types\/product"}],"version-history":[{"count":1,"href":"https:\/\/shop.tjasha.si\/en\/wp-json\/wp\/v2\/product\/5043\/revisions"}],"predecessor-version":[{"id":9628,"href":"https:\/\/shop.tjasha.si\/en\/wp-json\/wp\/v2\/product\/5043\/revisions\/9628"}],"wp:featuredmedia":[{"embeddable":true,"href":"https:\/\/shop.tjasha.si\/en\/wp-json\/wp\/v2\/media\/9627"}],"wp:attachment":[{"href":"https:\/\/shop.tjasha.si\/en\/wp-json\/wp\/v2\/media?parent=5043"}],"wp:term":[{"taxonomy":"product_cat","embeddable":true,"href":"https:\/\/shop.tjasha.si\/en\/wp-json\/wp\/v2\/product_cat?post=5043"},{"taxonomy":"product_tag","embeddable":true,"href":"https:\/\/shop.tjasha.si\/en\/wp-json\/wp\/v2\/product_tag?post=5043"}],"curies":[{"name":"wp","href":"https:\/\/api.w.org\/{rel}","templated":true}]}}