{"id":5045,"date":"2016-06-23T10:01:06","date_gmt":"2016-06-23T10:01:06","guid":{"rendered":"https:\/\/shop.tjasha.si\/product\/orofluido-maska-za-lase\/"},"modified":"2024-02-06T19:08:52","modified_gmt":"2024-02-06T19:08:52","slug":"orofluido-maska-za-lase","status":"publish","type":"product","link":"https:\/\/shop.tjasha.si\/en\/trgovina\/orofluido-maska-za-lase\/","title":{"rendered":"OROFLUIDO- Maska za lase 250ml"},"content":{"rendered":"<p>Odkrite lepoto las &#8211; arganovo olje.<\/p>\n<p>Berberske \u017eenske v maroku so odkrile, da si svoje lase lahko za\u0161\u010ditijo z arganovim oljem, ki jim poleg nege in za\u0161\u010dite da \u0161e izjemen lesk. Arganovemu olju zaradi negovalnih lastnosti pravijo tudi &#8220;pu\u0161\u010davsko teko\u010de zlato&#8221;. Pridobivajo ga iz semen rastline Argania Spinosa. Vsebuje veliko vitamina E in esencialna olja. Lase naredi mo\u010dnej\u0161e, izjemno lahke in neverjetno svilene.<\/p>","protected":false},"excerpt":{"rendered":"<p>Intenzivno navla\u017ei in obnovi lase. \u010cisto razko\u0161je, ki objame lase in jim povrne njihovo naravno lepoto.<\/p>","protected":false},"featured_media":5044,"template":"","meta":{"_acf_changed":false,"inline_featured_image":false,"_monsterinsights_skip_tracking":false,"_monsterinsights_sitenote_active":false,"_monsterinsights_sitenote_note":"","_monsterinsights_sitenote_category":0},"product_cat":[15],"product_tag":[],"aioseo_notices":[],"acf":[],"_links":{"self":[{"href":"https:\/\/shop.tjasha.si\/en\/wp-json\/wp\/v2\/product\/5045"}],"collection":[{"href":"https:\/\/shop.tjasha.si\/en\/wp-json\/wp\/v2\/product"}],"about":[{"href":"https:\/\/shop.tjasha.si\/en\/wp-json\/wp\/v2\/types\/product"}],"version-history":[{"count":1,"href":"https:\/\/shop.tjasha.si\/en\/wp-json\/wp\/v2\/product\/5045\/revisions"}],"predecessor-version":[{"id":9817,"href":"https:\/\/shop.tjasha.si\/en\/wp-json\/wp\/v2\/product\/5045\/revisions\/9817"}],"wp:featuredmedia":[{"embeddable":true,"href":"https:\/\/shop.tjasha.si\/en\/wp-json\/wp\/v2\/media\/5044"}],"wp:attachment":[{"href":"https:\/\/shop.tjasha.si\/en\/wp-json\/wp\/v2\/media?parent=5045"}],"wp:term":[{"taxonomy":"product_cat","embeddable":true,"href":"https:\/\/shop.tjasha.si\/en\/wp-json\/wp\/v2\/product_cat?post=5045"},{"taxonomy":"product_tag","embeddable":true,"href":"https:\/\/shop.tjasha.si\/en\/wp-json\/wp\/v2\/product_tag?post=5045"}],"curies":[{"name":"wp","href":"https:\/\/api.w.org\/{rel}","templated":true}]}}