{"id":5051,"date":"2022-02-01T13:27:32","date_gmt":"2022-02-01T13:27:32","guid":{"rendered":"https:\/\/shop.tjasha.si\/?post_type=product&#038;p=5051"},"modified":"2023-07-25T12:53:21","modified_gmt":"2023-07-25T12:53:21","slug":"eliksir-za-lase-100ml-disabled","status":"publish","type":"product","link":"https:\/\/shop.tjasha.si\/en\/trgovina\/eliksir-za-lase-100ml-disabled\/","title":{"rendered":"Orofluido Eliksir za lase 100ml"},"content":{"rendered":"<p>Arganovo olje je bogato z vitaminom E in eteri\u010dnimi olji, ki oja\u010dajo lase in jih naredijo ekstremno lahke in neverjetno svilnate. Cyperus olje vsebuje nenasi\u010dene ma\u0161\u010dobne kisline in tokoferole, ki dajejo lasem naravno za\u0161\u010dito pred prostimi radikali. Lasje bodo mehkej\u0161i in bolj polni, hkrati pa la\u017eje obvladljivi, gladki in elasti\u010dni. Laneno olje zahvaljujo\u010d svojim nenasi\u010denim ma\u0161\u010dobnim kislinam zapre in zgladi lasno povrhnjico ter zagotovi enotnost in kontrolo. Rezultat so zelo refleksivni lasje, ki mo\u010dno odbijajo svetlobo in tako spektakularno sijejo. Vonj jantarja z vanilijevo osnovo vas bo popeljal v fascinanten svet orientalskih di\u0161av.<\/p>","protected":false},"excerpt":{"rendered":"<p>Revolucija za vse vrste lase, ki prisega na videz naravnega leska. Izbrana me\u0161anica treh organskih naravnih olj nudi nadvse prijetno nego va\u0161im lasem.<\/p>","protected":false},"featured_media":5050,"template":"","meta":{"_acf_changed":false,"inline_featured_image":false,"_monsterinsights_skip_tracking":false,"_monsterinsights_sitenote_active":false,"_monsterinsights_sitenote_note":"","_monsterinsights_sitenote_category":0},"product_cat":[170,154],"product_tag":[],"aioseo_notices":[],"acf":[],"_links":{"self":[{"href":"https:\/\/shop.tjasha.si\/en\/wp-json\/wp\/v2\/product\/5051"}],"collection":[{"href":"https:\/\/shop.tjasha.si\/en\/wp-json\/wp\/v2\/product"}],"about":[{"href":"https:\/\/shop.tjasha.si\/en\/wp-json\/wp\/v2\/types\/product"}],"version-history":[{"count":2,"href":"https:\/\/shop.tjasha.si\/en\/wp-json\/wp\/v2\/product\/5051\/revisions"}],"predecessor-version":[{"id":9808,"href":"https:\/\/shop.tjasha.si\/en\/wp-json\/wp\/v2\/product\/5051\/revisions\/9808"}],"wp:featuredmedia":[{"embeddable":true,"href":"https:\/\/shop.tjasha.si\/en\/wp-json\/wp\/v2\/media\/5050"}],"wp:attachment":[{"href":"https:\/\/shop.tjasha.si\/en\/wp-json\/wp\/v2\/media?parent=5051"}],"wp:term":[{"taxonomy":"product_cat","embeddable":true,"href":"https:\/\/shop.tjasha.si\/en\/wp-json\/wp\/v2\/product_cat?post=5051"},{"taxonomy":"product_tag","embeddable":true,"href":"https:\/\/shop.tjasha.si\/en\/wp-json\/wp\/v2\/product_tag?post=5051"}],"curies":[{"name":"wp","href":"https:\/\/api.w.org\/{rel}","templated":true}]}}