{"id":5212,"date":"2016-06-23T10:01:09","date_gmt":"2016-06-23T10:01:09","guid":{"rendered":"https:\/\/shop.tjasha.si\/product\/ga-ma-likalnik-d1030\/"},"modified":"2024-02-06T19:08:16","modified_gmt":"2024-02-06T19:08:16","slug":"ga-ma-likalnik-d1030","status":"publish","type":"product","link":"https:\/\/shop.tjasha.si\/en\/trgovina\/ga-ma-likalnik-d1030\/","title":{"rendered":"Ga.ma likalnik D1030"},"content":{"rendered":"<p>NANO-TOURMALINE RAVNALEC ZA LASE GA-MA Hitra infra rde\u010da toplota je veliko bolj ne\u017ena od obi\u010dajne toplote. Prodre direktno v center lasnega vlakna, ga osu\u0161i in za\u0161\u010diti njegovo zunanjost. Rezultat so bolj mehki, ukrotljivi in sijo\u010di lase. Dodani negativni ioni: bolj zdravi, svileni in gladki lasje.<\/p>","protected":false},"excerpt":{"rendered":"<p>Likalnik, ki ne\u017eno in u\u010dinkovito zravna lase.<\/p>","protected":false},"featured_media":5211,"template":"","meta":{"_acf_changed":false,"inline_featured_image":false,"_monsterinsights_skip_tracking":false,"_monsterinsights_sitenote_active":false,"_monsterinsights_sitenote_note":"","_monsterinsights_sitenote_category":0},"product_cat":[153,154,160],"product_tag":[],"aioseo_notices":[],"acf":[],"_links":{"self":[{"href":"https:\/\/shop.tjasha.si\/en\/wp-json\/wp\/v2\/product\/5212"}],"collection":[{"href":"https:\/\/shop.tjasha.si\/en\/wp-json\/wp\/v2\/product"}],"about":[{"href":"https:\/\/shop.tjasha.si\/en\/wp-json\/wp\/v2\/types\/product"}],"version-history":[{"count":0,"href":"https:\/\/shop.tjasha.si\/en\/wp-json\/wp\/v2\/product\/5212\/revisions"}],"wp:featuredmedia":[{"embeddable":true,"href":"https:\/\/shop.tjasha.si\/en\/wp-json\/wp\/v2\/media\/5211"}],"wp:attachment":[{"href":"https:\/\/shop.tjasha.si\/en\/wp-json\/wp\/v2\/media?parent=5212"}],"wp:term":[{"taxonomy":"product_cat","embeddable":true,"href":"https:\/\/shop.tjasha.si\/en\/wp-json\/wp\/v2\/product_cat?post=5212"},{"taxonomy":"product_tag","embeddable":true,"href":"https:\/\/shop.tjasha.si\/en\/wp-json\/wp\/v2\/product_tag?post=5212"}],"curies":[{"name":"wp","href":"https:\/\/api.w.org\/{rel}","templated":true}]}}