{"id":5396,"date":"2016-06-23T10:01:11","date_gmt":"2016-06-23T10:01:11","guid":{"rendered":"https:\/\/shop.tjasha.si\/product\/color-therapy-balzam-za-poskodovane-in-barvane-lase-300ml\/"},"modified":"2026-03-15T10:53:48","modified_gmt":"2026-03-15T10:53:48","slug":"color-therapy-balzam-za-poskodovane-in-barvane-lase-300ml","status":"publish","type":"product","link":"https:\/\/shop.tjasha.si\/en\/trgovina\/color-therapy-balzam-za-poskodovane-in-barvane-lase-300ml\/","title":{"rendered":"K-pak Color therapy Balzam za po\u0161kodovane in barvane lase 250 ml"},"content":{"rendered":"<h3>Za suhe lase<\/h3>\n<p>Vla\u017eilen regenerator z izjemnim u\u010dinkom,  ki hrani in krepi suhe lase, jim daje voljnost in mehkobo.<\/p>\n<h2>Priporo\u010damo za:<\/h2>\n<ul>\n<li>Vla\u017eenje, hranjenje in okrepitev las<\/li>\n<li>Vse vrste suhih las<\/li>\n<\/ul>\n<h2>Posebne zna\u010dilnosti:<\/h2>\n<ul>\n<li>Suhim lasem najbolje vra\u010da vlago<\/li>\n<li>Ves dan optimizira zadr\u017eevanje vlage<\/li>\n<li>Pove\u010duje lesk in izbolj&scaron;uje gibkost las<\/li>\n<li>Prepre\u010duje izsu&scaron;itev las<\/li>\n<li>pH: 4,5 &ndash;5,5<\/li>\n<\/ul>\n<h2>Prednosti:<\/h2>\n<p>revitalizira laseKon\u010dni rezultat:lasje  so navla\u017eeni, gladki in zaradi pove\u010dane pro\u017enosti, tudi bolj obvladljivi<\/p>","protected":false},"excerpt":{"rendered":"<p>Vla\u017eilen regenerator z izjemnim u\u010dinkom ohranjanja va&scaron;e barve las. Krepi suhe lase, jim daje voljnost, sijaj in mehkobo.<\/p>","protected":false},"featured_media":5395,"template":"","meta":{"_acf_changed":false,"inline_featured_image":false,"_monsterinsights_skip_tracking":false,"_monsterinsights_sitenote_active":false,"_monsterinsights_sitenote_note":"","_monsterinsights_sitenote_category":0},"product_cat":[153,155,157,270],"product_tag":[],"aioseo_notices":[],"acf":[],"_links":{"self":[{"href":"https:\/\/shop.tjasha.si\/en\/wp-json\/wp\/v2\/product\/5396"}],"collection":[{"href":"https:\/\/shop.tjasha.si\/en\/wp-json\/wp\/v2\/product"}],"about":[{"href":"https:\/\/shop.tjasha.si\/en\/wp-json\/wp\/v2\/types\/product"}],"version-history":[{"count":1,"href":"https:\/\/shop.tjasha.si\/en\/wp-json\/wp\/v2\/product\/5396\/revisions"}],"predecessor-version":[{"id":10099,"href":"https:\/\/shop.tjasha.si\/en\/wp-json\/wp\/v2\/product\/5396\/revisions\/10099"}],"wp:featuredmedia":[{"embeddable":true,"href":"https:\/\/shop.tjasha.si\/en\/wp-json\/wp\/v2\/media\/5395"}],"wp:attachment":[{"href":"https:\/\/shop.tjasha.si\/en\/wp-json\/wp\/v2\/media?parent=5396"}],"wp:term":[{"taxonomy":"product_cat","embeddable":true,"href":"https:\/\/shop.tjasha.si\/en\/wp-json\/wp\/v2\/product_cat?post=5396"},{"taxonomy":"product_tag","embeddable":true,"href":"https:\/\/shop.tjasha.si\/en\/wp-json\/wp\/v2\/product_tag?post=5396"}],"curies":[{"name":"wp","href":"https:\/\/api.w.org\/{rel}","templated":true}]}}