{"id":5414,"date":"2016-06-23T10:01:12","date_gmt":"2016-06-23T10:01:12","guid":{"rendered":"https:\/\/shop.tjasha.si\/product\/hydro-nutritive-delangling-conditioner-200ml\/"},"modified":"2016-06-23T10:01:12","modified_gmt":"2016-06-23T10:01:12","slug":"hydro-nutritive-delangling-conditioner-200ml","status":"publish","type":"product","link":"https:\/\/shop.tjasha.si\/en\/trgovina\/hydro-nutritive-delangling-conditioner-200ml\/","title":{"rendered":"Hydro nutritive delangling conditioner Balzam s keratinom brez izpiranja 200ml"},"content":{"rendered":"<p>Rahla dvo plastna formula v trenutku razvozla lase, jih navla\u017ei, zmeh\u010da in jim pove\u010da sijaj. Popravi kapilarno strukturo suhih in po\u0161kodovanih las.<br \/>\nRazvozla lase in jim pove\u010da sijaj. Hrani in \u0161\u010diti povrhnjico. Notranjost lasu pa navla\u017ei in pove\u010da elasti\u010dnost.<\/p>","protected":false},"excerpt":{"rendered":"<p>Balzam je <strong>obogaten s keratinom<\/strong>, ki se ne izpere, za razvozlavanje in takoj&scaron;nji u\u010dinek.<\/p>","protected":false},"featured_media":5413,"template":"","meta":{"_acf_changed":false,"inline_featured_image":false,"_monsterinsights_skip_tracking":false,"_monsterinsights_sitenote_active":false,"_monsterinsights_sitenote_note":"","_monsterinsights_sitenote_category":0},"product_cat":[153,154,157,163],"product_tag":[],"aioseo_notices":[],"acf":[],"_links":{"self":[{"href":"https:\/\/shop.tjasha.si\/en\/wp-json\/wp\/v2\/product\/5414"}],"collection":[{"href":"https:\/\/shop.tjasha.si\/en\/wp-json\/wp\/v2\/product"}],"about":[{"href":"https:\/\/shop.tjasha.si\/en\/wp-json\/wp\/v2\/types\/product"}],"version-history":[{"count":0,"href":"https:\/\/shop.tjasha.si\/en\/wp-json\/wp\/v2\/product\/5414\/revisions"}],"wp:featuredmedia":[{"embeddable":true,"href":"https:\/\/shop.tjasha.si\/en\/wp-json\/wp\/v2\/media\/5413"}],"wp:attachment":[{"href":"https:\/\/shop.tjasha.si\/en\/wp-json\/wp\/v2\/media?parent=5414"}],"wp:term":[{"taxonomy":"product_cat","embeddable":true,"href":"https:\/\/shop.tjasha.si\/en\/wp-json\/wp\/v2\/product_cat?post=5414"},{"taxonomy":"product_tag","embeddable":true,"href":"https:\/\/shop.tjasha.si\/en\/wp-json\/wp\/v2\/product_tag?post=5414"}],"curies":[{"name":"wp","href":"https:\/\/api.w.org\/{rel}","templated":true}]}}