{"id":5420,"date":"2016-06-23T10:01:12","date_gmt":"2016-06-23T10:01:12","guid":{"rendered":"https:\/\/shop.tjasha.si\/product\/blonde-detangling-conditioner-balzam-nevtralizira-rumen-ton-200ml\/"},"modified":"2016-06-23T10:01:12","modified_gmt":"2016-06-23T10:01:12","slug":"blonde-detangling-conditioner-balzam-nevtralizira-rumen-ton-200ml","status":"publish","type":"product","link":"https:\/\/shop.tjasha.si\/en\/trgovina\/blonde-detangling-conditioner-balzam-nevtralizira-rumen-ton-200ml\/","title":{"rendered":"Blonde detangling conditioner Balzam nevtralizira rumen ton s keratinom 200ml"},"content":{"rendered":"<p>V trenutku razvozlj in nahrani ter navla\u017ei lase. Povrne jim sijo\u010d in svilen videz, ter nevtralizira neza\u017eeljene rumene nianse. Vsebuje visok odstotek modrih pigmentov.<\/p>","protected":false},"excerpt":{"rendered":"<p>Balzam obogaten z keratinom, ki se ne izpere. Namenjen posvetljenih in sivih las ter tiste s prameni.<\/p>","protected":false},"featured_media":5419,"template":"","meta":{"_acf_changed":false,"inline_featured_image":false,"_monsterinsights_skip_tracking":false,"_monsterinsights_sitenote_active":false,"_monsterinsights_sitenote_note":"","_monsterinsights_sitenote_category":0},"product_cat":[169,153,237,154,157,163],"product_tag":[],"aioseo_notices":[],"acf":[],"_links":{"self":[{"href":"https:\/\/shop.tjasha.si\/en\/wp-json\/wp\/v2\/product\/5420"}],"collection":[{"href":"https:\/\/shop.tjasha.si\/en\/wp-json\/wp\/v2\/product"}],"about":[{"href":"https:\/\/shop.tjasha.si\/en\/wp-json\/wp\/v2\/types\/product"}],"version-history":[{"count":0,"href":"https:\/\/shop.tjasha.si\/en\/wp-json\/wp\/v2\/product\/5420\/revisions"}],"wp:featuredmedia":[{"embeddable":true,"href":"https:\/\/shop.tjasha.si\/en\/wp-json\/wp\/v2\/media\/5419"}],"wp:attachment":[{"href":"https:\/\/shop.tjasha.si\/en\/wp-json\/wp\/v2\/media?parent=5420"}],"wp:term":[{"taxonomy":"product_cat","embeddable":true,"href":"https:\/\/shop.tjasha.si\/en\/wp-json\/wp\/v2\/product_cat?post=5420"},{"taxonomy":"product_tag","embeddable":true,"href":"https:\/\/shop.tjasha.si\/en\/wp-json\/wp\/v2\/product_tag?post=5420"}],"curies":[{"name":"wp","href":"https:\/\/api.w.org\/{rel}","templated":true}]}}