{"id":5422,"date":"2016-06-23T10:01:12","date_gmt":"2016-06-23T10:01:12","guid":{"rendered":"https:\/\/shop.tjasha.si\/product\/hydro-detangling-shampoo-obogarten-s-keratinom-250ml\/"},"modified":"2022-02-02T06:56:11","modified_gmt":"2022-02-02T06:56:11","slug":"hydro-detangling-shampoo-obogarten-s-keratinom-250ml","status":"publish","type":"product","link":"https:\/\/shop.tjasha.si\/en\/trgovina\/hydro-detangling-shampoo-obogarten-s-keratinom-250ml\/","title":{"rendered":"Hydro detangling shampoo obogarten s keratinom 250ml"},"content":{"rendered":"<p>Nova izbolj\u0161ana formula, ki olaj\u0161a razvozlavanje in nudi izjemen ob\u010dutek las. Nejgova kremna pena ne\u017eno o\u010disti.<\/p>","protected":false},"excerpt":{"rendered":"<p>\u0160ampon za razvozlavanje vseh tipov las.<\/p>","protected":false},"featured_media":5421,"template":"","meta":{"_acf_changed":false,"inline_featured_image":false,"_monsterinsights_skip_tracking":false,"_monsterinsights_sitenote_active":false,"_monsterinsights_sitenote_note":"","_monsterinsights_sitenote_category":0},"product_cat":[153,154,157,163],"product_tag":[],"aioseo_notices":[],"acf":[],"_links":{"self":[{"href":"https:\/\/shop.tjasha.si\/en\/wp-json\/wp\/v2\/product\/5422"}],"collection":[{"href":"https:\/\/shop.tjasha.si\/en\/wp-json\/wp\/v2\/product"}],"about":[{"href":"https:\/\/shop.tjasha.si\/en\/wp-json\/wp\/v2\/types\/product"}],"version-history":[{"count":0,"href":"https:\/\/shop.tjasha.si\/en\/wp-json\/wp\/v2\/product\/5422\/revisions"}],"wp:featuredmedia":[{"embeddable":true,"href":"https:\/\/shop.tjasha.si\/en\/wp-json\/wp\/v2\/media\/5421"}],"wp:attachment":[{"href":"https:\/\/shop.tjasha.si\/en\/wp-json\/wp\/v2\/media?parent=5422"}],"wp:term":[{"taxonomy":"product_cat","embeddable":true,"href":"https:\/\/shop.tjasha.si\/en\/wp-json\/wp\/v2\/product_cat?post=5422"},{"taxonomy":"product_tag","embeddable":true,"href":"https:\/\/shop.tjasha.si\/en\/wp-json\/wp\/v2\/product_tag?post=5422"}],"curies":[{"name":"wp","href":"https:\/\/api.w.org\/{rel}","templated":true}]}}