{"id":5426,"date":"2016-06-23T10:01:12","date_gmt":"2016-06-23T10:01:12","guid":{"rendered":"https:\/\/shop.tjasha.si\/product\/substance-styling-cream-krema-za-vecji-volumen-95ml\/"},"modified":"2016-06-23T10:01:12","modified_gmt":"2016-06-23T10:01:12","slug":"substance-styling-cream-krema-za-vecji-volumen-95ml","status":"publish","type":"product","link":"https:\/\/shop.tjasha.si\/en\/trgovina\/substance-styling-cream-krema-za-vecji-volumen-95ml\/","title":{"rendered":"Equave Substance styling cream &#8211; krema za ve\u010dji volumen s keratinom 95ml"},"content":{"rendered":"<p>Formula je sestavljena iz vsebin, ki negujejo, pove\u010dajo volumen in vitalnost lasnega vlakna. Enostavno se nanese, ne obte\u017ei las, ter omogo\u010di volumen in bolj obstojno pri\u010desko.<\/p>","protected":false},"excerpt":{"rendered":"<p>Krema za ve\u010dji volume la, ki je obogatena s keratinom.<\/p>","protected":false},"featured_media":5425,"template":"","meta":{"_acf_changed":false,"inline_featured_image":false,"_monsterinsights_skip_tracking":false,"_monsterinsights_sitenote_active":false,"_monsterinsights_sitenote_note":"","_monsterinsights_sitenote_category":0},"product_cat":[153,154,157,163],"product_tag":[],"aioseo_notices":[],"acf":[],"_links":{"self":[{"href":"https:\/\/shop.tjasha.si\/en\/wp-json\/wp\/v2\/product\/5426"}],"collection":[{"href":"https:\/\/shop.tjasha.si\/en\/wp-json\/wp\/v2\/product"}],"about":[{"href":"https:\/\/shop.tjasha.si\/en\/wp-json\/wp\/v2\/types\/product"}],"version-history":[{"count":0,"href":"https:\/\/shop.tjasha.si\/en\/wp-json\/wp\/v2\/product\/5426\/revisions"}],"wp:featuredmedia":[{"embeddable":true,"href":"https:\/\/shop.tjasha.si\/en\/wp-json\/wp\/v2\/media\/5425"}],"wp:attachment":[{"href":"https:\/\/shop.tjasha.si\/en\/wp-json\/wp\/v2\/media?parent=5426"}],"wp:term":[{"taxonomy":"product_cat","embeddable":true,"href":"https:\/\/shop.tjasha.si\/en\/wp-json\/wp\/v2\/product_cat?post=5426"},{"taxonomy":"product_tag","embeddable":true,"href":"https:\/\/shop.tjasha.si\/en\/wp-json\/wp\/v2\/product_tag?post=5426"}],"curies":[{"name":"wp","href":"https:\/\/api.w.org\/{rel}","templated":true}]}}