{"id":5444,"date":"2016-06-23T10:01:12","date_gmt":"2016-06-23T10:01:12","guid":{"rendered":"https:\/\/shop.tjasha.si\/product\/sampon-za-izsusene-lase-2\/"},"modified":"2026-03-15T10:53:47","modified_gmt":"2026-03-15T10:53:47","slug":"sampon-za-izsusene-lase-2","status":"publish","type":"product","link":"https:\/\/shop.tjasha.si\/en\/trgovina\/sampon-za-izsusene-lase-2\/","title":{"rendered":"Joico Moisture Recovery Shampoo \u0160ampon za suhe, izsu\u0161ene lase 1000 ml"},"content":{"rendered":"<p><strong>Priporo\u010damo za:<\/strong><\/p>\n<ul>\n<li>\u010ci\u0161\u010denje, vla\u017eenje, hranjenje in okrepitev suhih las<\/li>\n<li>Vse vrste suhih las<\/li>\n<\/ul>\n<p><strong>Posebne zna\u010dilnosti:<\/strong><\/p>\n<ul>\n<li>Povrne vitalne teko\u010dine<\/li>\n<li>Zagotavlja intenzivno vla\u017eenje<\/li>\n<li>Prepre\u010duje izsu\u0161itev<\/li>\n<li>Prispeva k obvladljivosti in regeneraciji<\/li>\n<li>Ne vpliva na obstojnost barv<\/li>\n<li>pH: 4,5 \u20135,5<\/li>\n<\/ul>\n<p><strong>Prednosti:<\/strong><\/p>\n<ul>\n<li>to je prvi korak pri revitalizaciji suhih las<\/li>\n<\/ul>\n<p><strong>Kon\u010dni rezultat:<\/strong><\/p>\n<ul>\n<li>lasje so navla\u017eeni, gladki in zaradi pove\u010dane pro\u017enosti, tudi bolj obvladljivi<\/li>\n<\/ul>\n<div><\/div>","protected":false},"excerpt":{"rendered":"<p>Izredno hranljiv \u0161ampon, ki \u010disti, navla\u017ei in krepi suhe lase, ter jim daje voljnost.<\/p>","protected":false},"featured_media":5443,"template":"","meta":{"_acf_changed":false,"inline_featured_image":false,"_monsterinsights_skip_tracking":false,"_monsterinsights_sitenote_active":false,"_monsterinsights_sitenote_note":"","_monsterinsights_sitenote_category":0},"product_cat":[153,155,154,263,276],"product_tag":[],"aioseo_notices":[],"acf":[],"_links":{"self":[{"href":"https:\/\/shop.tjasha.si\/en\/wp-json\/wp\/v2\/product\/5444"}],"collection":[{"href":"https:\/\/shop.tjasha.si\/en\/wp-json\/wp\/v2\/product"}],"about":[{"href":"https:\/\/shop.tjasha.si\/en\/wp-json\/wp\/v2\/types\/product"}],"version-history":[{"count":2,"href":"https:\/\/shop.tjasha.si\/en\/wp-json\/wp\/v2\/product\/5444\/revisions"}],"predecessor-version":[{"id":10211,"href":"https:\/\/shop.tjasha.si\/en\/wp-json\/wp\/v2\/product\/5444\/revisions\/10211"}],"wp:featuredmedia":[{"embeddable":true,"href":"https:\/\/shop.tjasha.si\/en\/wp-json\/wp\/v2\/media\/5443"}],"wp:attachment":[{"href":"https:\/\/shop.tjasha.si\/en\/wp-json\/wp\/v2\/media?parent=5444"}],"wp:term":[{"taxonomy":"product_cat","embeddable":true,"href":"https:\/\/shop.tjasha.si\/en\/wp-json\/wp\/v2\/product_cat?post=5444"},{"taxonomy":"product_tag","embeddable":true,"href":"https:\/\/shop.tjasha.si\/en\/wp-json\/wp\/v2\/product_tag?post=5444"}],"curies":[{"name":"wp","href":"https:\/\/api.w.org\/{rel}","templated":true}]}}