{"id":5447,"date":"2016-06-23T10:01:12","date_gmt":"2016-06-23T10:01:12","guid":{"rendered":"https:\/\/shop.tjasha.si\/product\/k-pak-intense-hydrator-3\/"},"modified":"2026-03-15T10:53:47","modified_gmt":"2026-03-15T10:53:47","slug":"k-pak-intense-hydrator-3","status":"publish","type":"product","link":"https:\/\/shop.tjasha.si\/en\/trgovina\/k-pak-intense-hydrator-3\/","title":{"rendered":"Joico K-pak Intense Hydrator &#8211; Intenzivna vla\u017eilna nega las &#8211; 1000 ml"},"content":{"rendered":"<h3>Nega za suhe, po&scaron;kodovane lase<\/h3>\n<p>Intenzivna vla\u017eilna nega, ki vraca vlago  izrazito suhim in po&scaron;kodovanim lasem,izbolj&scaron;a elasticnost, preprecuje  staticnost in izbolj&scaron;a obvladljivost las.<\/p>\n<p><strong>Priporo\u010damo za:<\/strong><\/p>\n<ul>\n<li>Lase, ki so zaradi vplivov iz okolja, kemi\u010dne dehidracije ali iz dednih razlogov, frle\u010di in\/ ali razmr&scaron;eni in suhi <\/li>\n<li>Stranke, ki uporabljajo K-PAK  Deep Penetrating Reconstructor za po&scaron;kodbe strukture las, posebno lase,  ki so, zaradi kemi\u010dnih obdelav, izjemno suhi<\/li>\n<\/ul>\n<p><strong><br \/>Posebne zna\u010dilnosti:<\/strong><\/p>\n<ul>\n<li>Intenziven postopek vla\u017eenja<\/li>\n<li>Povrne izgubljene lipide<\/li>\n<li>Mo\u010dno po&scaron;kodovanim ali izrazito suhim lasem povrne vlago<\/li>\n<li>Zapre kutikulo, izbolj&scaron;uje pro\u017enost in pove\u010da gibanje las<\/li>\n<li>Ne vpliva na obstojnost barv<\/li>\n<li>Ph: 3,5<\/li>\n<\/ul>\n<p><strong>Prednosti:<\/strong><\/p>\n<ul>\n<li>Takoj navla\u017ei lase<\/li>\n<li>Kontrolira skodranost in povrne polnost<\/li>\n<li>Lasje imajo gladko povr&scaron;ino, ki bolj u\u010dinkovito in dalj \u010dasa zadr\u017euje vlago <\/li>\n<\/ul>\n<p><strong><br \/>Kon\u010dni rezultat:<\/strong><\/p>\n<ul>\n<li>Lasje so sijo\u010di in gladki<\/li>\n<li>Zopet so pro\u017eni<\/li>\n<li>Izsu&scaron;eni lasje so obnovljeni, bolj pro\u017eni in se la\u017eje oblikujejo <\/li>\n<\/ul>","protected":false},"excerpt":{"rendered":"<p><title>Untitled document<\/title>Vra\u010da vlago izrazito suhim in po&scaron;kodovanim lasem, izbolj&scaron;a elasti\u010dnost in prepre\u010duje stati\u010dnost.<\/p>","protected":false},"featured_media":5445,"template":"","meta":{"_acf_changed":false,"inline_featured_image":false,"_monsterinsights_skip_tracking":false,"_monsterinsights_sitenote_active":false,"_monsterinsights_sitenote_note":"","_monsterinsights_sitenote_category":0},"product_cat":[153,155,244,154,270,205],"product_tag":[],"aioseo_notices":[],"acf":[],"_links":{"self":[{"href":"https:\/\/shop.tjasha.si\/en\/wp-json\/wp\/v2\/product\/5447"}],"collection":[{"href":"https:\/\/shop.tjasha.si\/en\/wp-json\/wp\/v2\/product"}],"about":[{"href":"https:\/\/shop.tjasha.si\/en\/wp-json\/wp\/v2\/types\/product"}],"version-history":[{"count":1,"href":"https:\/\/shop.tjasha.si\/en\/wp-json\/wp\/v2\/product\/5447\/revisions"}],"predecessor-version":[{"id":10097,"href":"https:\/\/shop.tjasha.si\/en\/wp-json\/wp\/v2\/product\/5447\/revisions\/10097"}],"wp:featuredmedia":[{"embeddable":true,"href":"https:\/\/shop.tjasha.si\/en\/wp-json\/wp\/v2\/media\/5445"}],"wp:attachment":[{"href":"https:\/\/shop.tjasha.si\/en\/wp-json\/wp\/v2\/media?parent=5447"}],"wp:term":[{"taxonomy":"product_cat","embeddable":true,"href":"https:\/\/shop.tjasha.si\/en\/wp-json\/wp\/v2\/product_cat?post=5447"},{"taxonomy":"product_tag","embeddable":true,"href":"https:\/\/shop.tjasha.si\/en\/wp-json\/wp\/v2\/product_tag?post=5447"}],"curies":[{"name":"wp","href":"https:\/\/api.w.org\/{rel}","templated":true}]}}