{"id":5781,"date":"2016-06-23T10:01:18","date_gmt":"2016-06-23T10:01:18","guid":{"rendered":"https:\/\/shop.tjasha.si\/product\/k-pak-liquid-reconstructor-balzam-brez-izpiranja-300ml\/"},"modified":"2026-03-15T10:53:45","modified_gmt":"2026-03-15T10:53:45","slug":"k-pak-liquid-reconstructor-balzam-brez-izpiranja-300ml","status":"publish","type":"product","link":"https:\/\/shop.tjasha.si\/en\/trgovina\/k-pak-liquid-reconstructor-balzam-brez-izpiranja-300ml\/","title":{"rendered":"Joico K-pak Liquid reconstructor balzam brez izpiranja 300ml"},"content":{"rendered":"<p>K-PAK Liquid Reconstructor 300ml<br \/>\nK-PAK Liquid Reconstructor 300ml<br \/>\nZa tanke \/ po\u0161kodovane lase<\/p>\n<p>Dnevni regenerator s proteini, ki se ne izpira; lasem vra\u010da elasti\u010dnost, jih krepi,jim daje sijaj in zdravje.<br \/>\nCena: 35,86 \u20ac<br \/>\nKoli\u010dina:<br \/>\nVe\u010d o izdelku<br \/>\nZa tanke \/ po\u0161kodovane lase<br \/>\nDnevni regenerator s proteini, ki se ne izpira; lasem vraca elasticnost, jih krepi,jim daje sijaj in zdravje.<\/p>\n<p>Priporo\u010damo za:<\/p>\n<p>Stranke s tankimi, upadlimi, lomljivimi lasmi, ki so prezgodaj izgubili barvo ali se jih te\u017eko oblikuje<br \/>\nStranke, ki potrebujejo zelo lahko obnovo, da popravijo po\u0161kodbe zaradi kemi\u010dne in toplotne obdelave ali vplivov okolja<\/p>\n<p>Posebne zna\u010dilnosti:<\/p>\n<p>teko\u010de proteinsko razpr\u0161ilo, za dnevno obnovo<br \/>\nbrezte\u017ena formula<br \/>\ntankim lasem daje mo\u010d, jih obnavlja in varuje<br \/>\npovrne izgubljene aminokisline, popravi po\u0161kodovane predele kutikule<br \/>\nne vpliva na obstojnost barv<br \/>\npH: 4,5-5,5<\/p>\n<p>Navodilo za uporabo:<\/p>\n<p>Po umivanju in regeneraciji (po potrebi) razpr\u0161i zadostno koli\u010dino po laseh<br \/>\nRaz\u010desi in ne izpiraj, dodaj K-PAK Leave-In Protectant, nato dodaj \u0161e izdelke za oblikovanje pri\u010deske iz linije K-PAK<\/p>\n<p>Nasveti za uporabo:<\/p>\n<p>V salonu uporabi preparat K-PAK Hair Repair System in priporo\u010di stranki druge izdelke linije K-PAK Category, kot dodaten pripomo\u010dek za doma\u010de vzdr\u017eevanje, s katerim zagotovimo najbolj\u0161e rezultate<br \/>\nPred uporabo K-PAK Liquid Reconstructor, nanesi K-PAK Conditioner za regeneracijo tankih, upadlih las<\/p>","protected":false},"excerpt":{"rendered":"<p>Dnevni regenerator s proteini, ki se ne izpira; lasem vra\u010da elasti\u010dnost, jih krepi, jim daje sijaj in zdravje.<\/p>","protected":false},"featured_media":5779,"template":"","meta":{"_acf_changed":false,"inline_featured_image":false,"_monsterinsights_skip_tracking":false,"_monsterinsights_sitenote_active":false,"_monsterinsights_sitenote_note":"","_monsterinsights_sitenote_category":0},"product_cat":[155,154,254,157,270,277,205],"product_tag":[],"aioseo_notices":[],"acf":[],"_links":{"self":[{"href":"https:\/\/shop.tjasha.si\/en\/wp-json\/wp\/v2\/product\/5781"}],"collection":[{"href":"https:\/\/shop.tjasha.si\/en\/wp-json\/wp\/v2\/product"}],"about":[{"href":"https:\/\/shop.tjasha.si\/en\/wp-json\/wp\/v2\/types\/product"}],"version-history":[{"count":2,"href":"https:\/\/shop.tjasha.si\/en\/wp-json\/wp\/v2\/product\/5781\/revisions"}],"predecessor-version":[{"id":11401,"href":"https:\/\/shop.tjasha.si\/en\/wp-json\/wp\/v2\/product\/5781\/revisions\/11401"}],"wp:featuredmedia":[{"embeddable":true,"href":"https:\/\/shop.tjasha.si\/en\/wp-json\/wp\/v2\/media\/5779"}],"wp:attachment":[{"href":"https:\/\/shop.tjasha.si\/en\/wp-json\/wp\/v2\/media?parent=5781"}],"wp:term":[{"taxonomy":"product_cat","embeddable":true,"href":"https:\/\/shop.tjasha.si\/en\/wp-json\/wp\/v2\/product_cat?post=5781"},{"taxonomy":"product_tag","embeddable":true,"href":"https:\/\/shop.tjasha.si\/en\/wp-json\/wp\/v2\/product_tag?post=5781"}],"curies":[{"name":"wp","href":"https:\/\/api.w.org\/{rel}","templated":true}]}}