{"id":5823,"date":"2016-06-23T10:01:19","date_gmt":"2016-06-23T10:01:19","guid":{"rendered":"https:\/\/shop.tjasha.si\/product\/color-therapy-sampon-za-poskodovane-in-barvane-lase-300ml-2\/"},"modified":"2026-03-15T10:53:44","modified_gmt":"2026-03-15T10:53:44","slug":"color-therapy-sampon-za-poskodovane-in-barvane-lase-300ml-2","status":"publish","type":"product","link":"https:\/\/shop.tjasha.si\/en\/trgovina\/color-therapy-sampon-za-poskodovane-in-barvane-lase-300ml-2\/","title":{"rendered":"Joico K-pak Color therapy \u0160ampon za po\u0161kodovane in barvane lase 1000 ml"},"content":{"rendered":"<h2>Priporo\u010damo za:<\/h2>\n<ul>\n<li>Vla\u017eenje, hranjenje in okrepitev las<\/li>\n<li>Vse vrste suhih las<\/li>\n<\/ul>\n<h2>Posebne zna\u010dilnosti:<\/h2>\n<ul>\n<li>Suhim lasem najbolje vra\u010da vlago<\/li>\n<li>Ves dan optimizira zadr\u017eevanje vlage<\/li>\n<li>Pove\u010duje lesk in izbolj\u0161uje gibkost las<\/li>\n<li>Prepre\u010duje izsu\u0161itev las<\/li>\n<li>pH: 4,5 \u20135,5<\/li>\n<\/ul>","protected":false},"excerpt":{"rendered":"<p>Vla\u017eilen \u0161ampon ne\u017eno o\u010disti lase, jim daje voljnost in mehkobo, ter \u0161\u010diti va\u0161o barvo las.<\/p>","protected":false},"featured_media":5822,"template":"","meta":{"_acf_changed":false,"inline_featured_image":false,"_monsterinsights_skip_tracking":false,"_monsterinsights_sitenote_active":false,"_monsterinsights_sitenote_note":"","_monsterinsights_sitenote_category":0},"product_cat":[153,155,154,157,270,276,205],"product_tag":[],"aioseo_notices":[],"acf":[],"_links":{"self":[{"href":"https:\/\/shop.tjasha.si\/en\/wp-json\/wp\/v2\/product\/5823"}],"collection":[{"href":"https:\/\/shop.tjasha.si\/en\/wp-json\/wp\/v2\/product"}],"about":[{"href":"https:\/\/shop.tjasha.si\/en\/wp-json\/wp\/v2\/types\/product"}],"version-history":[{"count":2,"href":"https:\/\/shop.tjasha.si\/en\/wp-json\/wp\/v2\/product\/5823\/revisions"}],"predecessor-version":[{"id":11400,"href":"https:\/\/shop.tjasha.si\/en\/wp-json\/wp\/v2\/product\/5823\/revisions\/11400"}],"wp:featuredmedia":[{"embeddable":true,"href":"https:\/\/shop.tjasha.si\/en\/wp-json\/wp\/v2\/media\/5822"}],"wp:attachment":[{"href":"https:\/\/shop.tjasha.si\/en\/wp-json\/wp\/v2\/media?parent=5823"}],"wp:term":[{"taxonomy":"product_cat","embeddable":true,"href":"https:\/\/shop.tjasha.si\/en\/wp-json\/wp\/v2\/product_cat?post=5823"},{"taxonomy":"product_tag","embeddable":true,"href":"https:\/\/shop.tjasha.si\/en\/wp-json\/wp\/v2\/product_tag?post=5823"}],"curies":[{"name":"wp","href":"https:\/\/api.w.org\/{rel}","templated":true}]}}