{"id":5927,"date":"2016-06-23T10:01:21","date_gmt":"2016-06-23T10:01:21","guid":{"rendered":"https:\/\/shop.tjasha.si\/product\/instant-refresh-suhi-sampon-200ml\/"},"modified":"2026-03-15T10:53:44","modified_gmt":"2026-03-15T10:53:44","slug":"instant-refresh-suhi-sampon-200ml","status":"publish","type":"product","link":"https:\/\/shop.tjasha.si\/en\/trgovina\/instant-refresh-suhi-sampon-200ml\/","title":{"rendered":"Joico Weekend &#8211; Suhi \u0161ampon 255 ml"},"content":{"rendered":"<p>Weekend mo\u010d utrjevanja 0.<\/p>\n<p>\u0160ampon je odli\u010den za hitro \u010di\u0161\u010denje las.<\/p>\n<p>Vpije odve\u010dno ma\u0161\u010dobo in nepu\u0161\u010da belih made\u017eev. Lase prevzigne in jim povrne volume.<\/p>\n<p>&nbsp;<\/p>\n<p>. Vmasirajte \u0161ampon v korenine las in lasje bodo takoj osve\u017eeni.<\/p>","protected":false},"excerpt":{"rendered":"<p>Nimate \u010dasa? Ne skrbite. Oprani in osve\u017eeni lasje s hitro su\u0161e\u010dim \u0161amponom.<\/p>","protected":false},"featured_media":10162,"template":"","meta":{"_acf_changed":false,"inline_featured_image":false,"_monsterinsights_skip_tracking":false,"_monsterinsights_sitenote_active":false,"_monsterinsights_sitenote_note":"","_monsterinsights_sitenote_category":0},"product_cat":[153,155,154,157,273,205,285],"product_tag":[],"aioseo_notices":[],"acf":[],"_links":{"self":[{"href":"https:\/\/shop.tjasha.si\/en\/wp-json\/wp\/v2\/product\/5927"}],"collection":[{"href":"https:\/\/shop.tjasha.si\/en\/wp-json\/wp\/v2\/product"}],"about":[{"href":"https:\/\/shop.tjasha.si\/en\/wp-json\/wp\/v2\/types\/product"}],"version-history":[{"count":3,"href":"https:\/\/shop.tjasha.si\/en\/wp-json\/wp\/v2\/product\/5927\/revisions"}],"predecessor-version":[{"id":10164,"href":"https:\/\/shop.tjasha.si\/en\/wp-json\/wp\/v2\/product\/5927\/revisions\/10164"}],"wp:featuredmedia":[{"embeddable":true,"href":"https:\/\/shop.tjasha.si\/en\/wp-json\/wp\/v2\/media\/10162"}],"wp:attachment":[{"href":"https:\/\/shop.tjasha.si\/en\/wp-json\/wp\/v2\/media?parent=5927"}],"wp:term":[{"taxonomy":"product_cat","embeddable":true,"href":"https:\/\/shop.tjasha.si\/en\/wp-json\/wp\/v2\/product_cat?post=5927"},{"taxonomy":"product_tag","embeddable":true,"href":"https:\/\/shop.tjasha.si\/en\/wp-json\/wp\/v2\/product_tag?post=5927"}],"curies":[{"name":"wp","href":"https:\/\/api.w.org\/{rel}","templated":true}]}}