{"id":6006,"date":"2016-06-23T10:01:23","date_gmt":"2016-06-23T10:01:23","guid":{"rendered":"https:\/\/shop.tjasha.si\/product\/r-hypoallergenic-detanling-conditioner-balzam-za-otroke-brez-izpiranja-200ml\/"},"modified":"2022-02-02T06:56:11","modified_gmt":"2022-02-02T06:56:11","slug":"r-hypoallergenic-detanling-conditioner-balzam-za-otroke-brez-izpiranja-200ml","status":"publish","type":"product","link":"https:\/\/shop.tjasha.si\/en\/trgovina\/r-hypoallergenic-detanling-conditioner-balzam-za-otroke-brez-izpiranja-200ml\/","title":{"rendered":"Equave Hypoallergenic detanling conditioner- Balzam za otroke- Brez izpiranja 200ml"},"content":{"rendered":"<p>V trenutku razvozla in zgladi, ter naredi svetle\u010de in sijo\u010de lase. Obogaten je z UVA in UVB filtri, \u017eitnimi proteini, ki \u0161\u010ditijo in negujejo lase. Ima prijeten  slasten jabol\u010dni vonj.<br \/>\nNamenjen je otrokom od 3 leta naprej.<\/p>","protected":false},"excerpt":{"rendered":"<p>Balzam v trenutku razvozla in zgladi otro\u0161ke lase.<\/p>","protected":false},"featured_media":6005,"template":"","meta":{"_acf_changed":false,"inline_featured_image":false,"_monsterinsights_skip_tracking":false,"_monsterinsights_sitenote_active":false,"_monsterinsights_sitenote_note":"","_monsterinsights_sitenote_category":0},"product_cat":[153,154,157,163],"product_tag":[],"aioseo_notices":[],"acf":[],"_links":{"self":[{"href":"https:\/\/shop.tjasha.si\/en\/wp-json\/wp\/v2\/product\/6006"}],"collection":[{"href":"https:\/\/shop.tjasha.si\/en\/wp-json\/wp\/v2\/product"}],"about":[{"href":"https:\/\/shop.tjasha.si\/en\/wp-json\/wp\/v2\/types\/product"}],"version-history":[{"count":0,"href":"https:\/\/shop.tjasha.si\/en\/wp-json\/wp\/v2\/product\/6006\/revisions"}],"wp:featuredmedia":[{"embeddable":true,"href":"https:\/\/shop.tjasha.si\/en\/wp-json\/wp\/v2\/media\/6005"}],"wp:attachment":[{"href":"https:\/\/shop.tjasha.si\/en\/wp-json\/wp\/v2\/media?parent=6006"}],"wp:term":[{"taxonomy":"product_cat","embeddable":true,"href":"https:\/\/shop.tjasha.si\/en\/wp-json\/wp\/v2\/product_cat?post=6006"},{"taxonomy":"product_tag","embeddable":true,"href":"https:\/\/shop.tjasha.si\/en\/wp-json\/wp\/v2\/product_tag?post=6006"}],"curies":[{"name":"wp","href":"https:\/\/api.w.org\/{rel}","templated":true}]}}