{"id":6082,"date":"2016-06-23T10:01:24","date_gmt":"2016-06-23T10:01:24","guid":{"rendered":"https:\/\/shop.tjasha.si\/product\/moser-1137\/"},"modified":"2023-10-03T17:33:24","modified_gmt":"2023-10-03T17:33:24","slug":"moser-1137","status":"publish","type":"product","link":"https:\/\/shop.tjasha.si\/en\/trgovina\/moser-1137\/","title":{"rendered":"Moser Stroj\u010dek za stri\u017eenje 1233"},"content":{"rendered":"<p>Stroj\u010dek za stri\u017eenje<\/p>","protected":false},"excerpt":{"rendered":"<p>Enostavno in hitro uredite svoje ljubljen\u010dke.<\/p>","protected":false},"featured_media":6081,"template":"","meta":{"_acf_changed":false,"inline_featured_image":false,"_monsterinsights_skip_tracking":false,"_monsterinsights_sitenote_active":false,"_monsterinsights_sitenote_note":"","_monsterinsights_sitenote_category":0},"product_cat":[160,223],"product_tag":[],"aioseo_notices":[],"acf":[],"_links":{"self":[{"href":"https:\/\/shop.tjasha.si\/en\/wp-json\/wp\/v2\/product\/6082"}],"collection":[{"href":"https:\/\/shop.tjasha.si\/en\/wp-json\/wp\/v2\/product"}],"about":[{"href":"https:\/\/shop.tjasha.si\/en\/wp-json\/wp\/v2\/types\/product"}],"version-history":[{"count":1,"href":"https:\/\/shop.tjasha.si\/en\/wp-json\/wp\/v2\/product\/6082\/revisions"}],"predecessor-version":[{"id":9840,"href":"https:\/\/shop.tjasha.si\/en\/wp-json\/wp\/v2\/product\/6082\/revisions\/9840"}],"wp:featuredmedia":[{"embeddable":true,"href":"https:\/\/shop.tjasha.si\/en\/wp-json\/wp\/v2\/media\/6081"}],"wp:attachment":[{"href":"https:\/\/shop.tjasha.si\/en\/wp-json\/wp\/v2\/media?parent=6082"}],"wp:term":[{"taxonomy":"product_cat","embeddable":true,"href":"https:\/\/shop.tjasha.si\/en\/wp-json\/wp\/v2\/product_cat?post=6082"},{"taxonomy":"product_tag","embeddable":true,"href":"https:\/\/shop.tjasha.si\/en\/wp-json\/wp\/v2\/product_tag?post=6082"}],"curies":[{"name":"wp","href":"https:\/\/api.w.org\/{rel}","templated":true}]}}