{"id":6084,"date":"2016-06-23T10:01:24","date_gmt":"2016-06-23T10:01:24","guid":{"rendered":"https:\/\/shop.tjasha.si\/product\/moser-1230-rex-za-strizenje-psov\/"},"modified":"2023-10-03T17:32:50","modified_gmt":"2023-10-03T17:32:50","slug":"moser-1230-rex-za-strizenje-psov","status":"publish","type":"product","link":"https:\/\/shop.tjasha.si\/en\/trgovina\/moser-1230-rex-za-strizenje-psov\/","title":{"rendered":"Moser 1230 REX za stri\u017eenje psov"},"content":{"rendered":"<p>Moser ma\u0161inica za stri\u017eenje psov<\/p>","protected":false},"excerpt":{"rendered":"<p>Enostavno in hitro uredite svoje ljubljen\u010dke.<\/p>","protected":false},"featured_media":6083,"template":"","meta":{"_acf_changed":false,"inline_featured_image":false,"_monsterinsights_skip_tracking":false,"_monsterinsights_sitenote_active":false,"_monsterinsights_sitenote_note":"","_monsterinsights_sitenote_category":0},"product_cat":[160,223],"product_tag":[],"aioseo_notices":[],"acf":[],"_links":{"self":[{"href":"https:\/\/shop.tjasha.si\/en\/wp-json\/wp\/v2\/product\/6084"}],"collection":[{"href":"https:\/\/shop.tjasha.si\/en\/wp-json\/wp\/v2\/product"}],"about":[{"href":"https:\/\/shop.tjasha.si\/en\/wp-json\/wp\/v2\/types\/product"}],"version-history":[{"count":1,"href":"https:\/\/shop.tjasha.si\/en\/wp-json\/wp\/v2\/product\/6084\/revisions"}],"predecessor-version":[{"id":9839,"href":"https:\/\/shop.tjasha.si\/en\/wp-json\/wp\/v2\/product\/6084\/revisions\/9839"}],"wp:featuredmedia":[{"embeddable":true,"href":"https:\/\/shop.tjasha.si\/en\/wp-json\/wp\/v2\/media\/6083"}],"wp:attachment":[{"href":"https:\/\/shop.tjasha.si\/en\/wp-json\/wp\/v2\/media?parent=6084"}],"wp:term":[{"taxonomy":"product_cat","embeddable":true,"href":"https:\/\/shop.tjasha.si\/en\/wp-json\/wp\/v2\/product_cat?post=6084"},{"taxonomy":"product_tag","embeddable":true,"href":"https:\/\/shop.tjasha.si\/en\/wp-json\/wp\/v2\/product_tag?post=6084"}],"curies":[{"name":"wp","href":"https:\/\/api.w.org\/{rel}","templated":true}]}}