{"id":6090,"date":"2016-06-23T10:01:24","date_gmt":"2016-06-23T10:01:24","guid":{"rendered":"https:\/\/shop.tjasha.si\/product\/ga-ma-cp1-nova-digital-turmaline-ion-laser\/"},"modified":"2016-06-23T10:01:24","modified_gmt":"2016-06-23T10:01:24","slug":"ga-ma-cp1-nova-digital-turmaline-ion-laser","status":"publish","type":"product","link":"https:\/\/shop.tjasha.si\/en\/trgovina\/ga-ma-cp1-nova-digital-turmaline-ion-laser\/","title":{"rendered":"Ga.ma CP1 NOVA  digital turmaline ion laser"},"content":{"rendered":"<ul>\n<li>Nastavljiv od 160 &deg; C do 230 &deg; C<\/li>\n<li>Vedno pod nadzorom na digitalnem zaslonu (LCD), ki vam omogo\u010da, da izberete najbolj primerno temperaturo za va&scaron; tip las.<\/li>\n<li>Tehnologija ion znotraj ravnalnika omogo\u010da doseganje leska las<\/li>\n<li>Zmanj&scaron;uje vla\u017enost in stati\u010dno elektriko<\/li>\n<li>Plavajo\u010de plo&scaron;\u010de dr\u017eijo povsem na lase v vseh premikov, ki so potrebni za oblikovanje pri\u010deske. <\/li>\n<li>Lahko je narediti ravne in zavite pri\u010deske v trenutku.<\/li>\n<\/ul>","protected":false},"excerpt":{"rendered":"<p>IHT TEHNOLOGIJA (Instant Heat Technology) je res srce za ravnanje: nova odpornost ki je zasnovana v notranjosti plo\u0161\u010de lahko dose\u017ee najvi\u0161je temperature v trenutku in enakomerno po celotni povr\u0161ini likalne plo\u0161\u010de.<\/p>","protected":false},"featured_media":6089,"template":"","meta":{"_acf_changed":false,"inline_featured_image":false,"_monsterinsights_skip_tracking":false,"_monsterinsights_sitenote_active":false,"_monsterinsights_sitenote_note":"","_monsterinsights_sitenote_category":0},"product_cat":[153,154,160],"product_tag":[],"aioseo_notices":[],"acf":[],"_links":{"self":[{"href":"https:\/\/shop.tjasha.si\/en\/wp-json\/wp\/v2\/product\/6090"}],"collection":[{"href":"https:\/\/shop.tjasha.si\/en\/wp-json\/wp\/v2\/product"}],"about":[{"href":"https:\/\/shop.tjasha.si\/en\/wp-json\/wp\/v2\/types\/product"}],"version-history":[{"count":0,"href":"https:\/\/shop.tjasha.si\/en\/wp-json\/wp\/v2\/product\/6090\/revisions"}],"wp:featuredmedia":[{"embeddable":true,"href":"https:\/\/shop.tjasha.si\/en\/wp-json\/wp\/v2\/media\/6089"}],"wp:attachment":[{"href":"https:\/\/shop.tjasha.si\/en\/wp-json\/wp\/v2\/media?parent=6090"}],"wp:term":[{"taxonomy":"product_cat","embeddable":true,"href":"https:\/\/shop.tjasha.si\/en\/wp-json\/wp\/v2\/product_cat?post=6090"},{"taxonomy":"product_tag","embeddable":true,"href":"https:\/\/shop.tjasha.si\/en\/wp-json\/wp\/v2\/product_tag?post=6090"}],"curies":[{"name":"wp","href":"https:\/\/api.w.org\/{rel}","templated":true}]}}