{"id":6185,"date":"2016-11-16T12:02:25","date_gmt":"2016-11-16T12:02:25","guid":{"rendered":"https:\/\/shop.tjasha.si\/product\/apothecary87-beadr-oil-original-recipe-olje-za-nego-brade-10-ml-3\/"},"modified":"2022-02-27T18:38:39","modified_gmt":"2022-02-27T18:38:39","slug":"aapothecary87-beadr-oil-original-recipe-olje-za-nego-brade-50-ml","status":"publish","type":"product","link":"https:\/\/shop.tjasha.si\/en\/trgovina\/aapothecary87-beadr-oil-original-recipe-olje-za-nego-brade-50-ml\/","title":{"rendered":"Apothecary87 Beadr oil Original recipe &#8211; Olje za nego brade 50 ml"},"content":{"rendered":"<p>Po umivanju brado do suhega obri\u0161ite. Nanesite nekaj kaplic olja na dlan in ga razporedite po dlaneh. Nato olje nanesite na brado in ko\u017eo. Za blikovanje si pomagajte z glavnikom in fenom.<\/p>","protected":false},"excerpt":{"rendered":"<p>Olje za meh\u010danje in obnovo brade, ter vla\u017eenje ko\u017ee. <\/p>","protected":false},"featured_media":6184,"template":"","meta":{"_acf_changed":false,"inline_featured_image":false,"_monsterinsights_skip_tracking":false,"_monsterinsights_sitenote_active":false,"_monsterinsights_sitenote_note":"","_monsterinsights_sitenote_category":0},"product_cat":[153],"product_tag":[],"aioseo_notices":[],"acf":[],"_links":{"self":[{"href":"https:\/\/shop.tjasha.si\/en\/wp-json\/wp\/v2\/product\/6185"}],"collection":[{"href":"https:\/\/shop.tjasha.si\/en\/wp-json\/wp\/v2\/product"}],"about":[{"href":"https:\/\/shop.tjasha.si\/en\/wp-json\/wp\/v2\/types\/product"}],"version-history":[{"count":1,"href":"https:\/\/shop.tjasha.si\/en\/wp-json\/wp\/v2\/product\/6185\/revisions"}],"predecessor-version":[{"id":9333,"href":"https:\/\/shop.tjasha.si\/en\/wp-json\/wp\/v2\/product\/6185\/revisions\/9333"}],"wp:featuredmedia":[{"embeddable":true,"href":"https:\/\/shop.tjasha.si\/en\/wp-json\/wp\/v2\/media\/6184"}],"wp:attachment":[{"href":"https:\/\/shop.tjasha.si\/en\/wp-json\/wp\/v2\/media?parent=6185"}],"wp:term":[{"taxonomy":"product_cat","embeddable":true,"href":"https:\/\/shop.tjasha.si\/en\/wp-json\/wp\/v2\/product_cat?post=6185"},{"taxonomy":"product_tag","embeddable":true,"href":"https:\/\/shop.tjasha.si\/en\/wp-json\/wp\/v2\/product_tag?post=6185"}],"curies":[{"name":"wp","href":"https:\/\/api.w.org\/{rel}","templated":true}]}}