{"id":6187,"date":"2016-11-16T12:03:00","date_gmt":"2016-11-16T12:03:00","guid":{"rendered":"https:\/\/shop.tjasha.si\/product\/apothecary87-beadr-oil-original-recipe-olje-za-nego-brade-10-ml-4\/"},"modified":"2024-02-28T21:51:41","modified_gmt":"2024-02-28T21:51:41","slug":"aapothecary87-beadr-oil-vanilla-mango-olje-za-nego-brade-10-ml","status":"publish","type":"product","link":"https:\/\/shop.tjasha.si\/en\/trgovina\/aapothecary87-beadr-oil-vanilla-mango-olje-za-nego-brade-10-ml\/","title":{"rendered":"Apothecary87 Beadr oil Vanilla &#038; Mango &#8211; Olje za nego brade 10 ml"},"content":{"rendered":"<p>Po umivanju brado do suhega obri\u0161ite. Nanesite nekaj kaplic olja na dlan in ga razporedite po dlaneh. Nato olje nanesite na brado in ko\u017eo. Za blikovanje si pomagajte z glavnikom in fenom.<\/p>","protected":false},"excerpt":{"rendered":"<p>Olje za meh\u010danje in obnovo brade, ter vla\u017eenje ko\u017ee. Z vonjem vanilija in mango, ki zagotovi uravnote\u017een sladko sve\u017e vonj.<\/p>","protected":false},"featured_media":6186,"template":"","meta":{"_acf_changed":false,"inline_featured_image":false,"_monsterinsights_skip_tracking":false,"_monsterinsights_sitenote_active":false,"_monsterinsights_sitenote_note":"","_monsterinsights_sitenote_category":0},"product_cat":[153],"product_tag":[],"aioseo_notices":[],"acf":[],"_links":{"self":[{"href":"https:\/\/shop.tjasha.si\/en\/wp-json\/wp\/v2\/product\/6187"}],"collection":[{"href":"https:\/\/shop.tjasha.si\/en\/wp-json\/wp\/v2\/product"}],"about":[{"href":"https:\/\/shop.tjasha.si\/en\/wp-json\/wp\/v2\/types\/product"}],"version-history":[{"count":1,"href":"https:\/\/shop.tjasha.si\/en\/wp-json\/wp\/v2\/product\/6187\/revisions"}],"predecessor-version":[{"id":9332,"href":"https:\/\/shop.tjasha.si\/en\/wp-json\/wp\/v2\/product\/6187\/revisions\/9332"}],"wp:featuredmedia":[{"embeddable":true,"href":"https:\/\/shop.tjasha.si\/en\/wp-json\/wp\/v2\/media\/6186"}],"wp:attachment":[{"href":"https:\/\/shop.tjasha.si\/en\/wp-json\/wp\/v2\/media?parent=6187"}],"wp:term":[{"taxonomy":"product_cat","embeddable":true,"href":"https:\/\/shop.tjasha.si\/en\/wp-json\/wp\/v2\/product_cat?post=6187"},{"taxonomy":"product_tag","embeddable":true,"href":"https:\/\/shop.tjasha.si\/en\/wp-json\/wp\/v2\/product_tag?post=6187"}],"curies":[{"name":"wp","href":"https:\/\/api.w.org\/{rel}","templated":true}]}}