{"id":6205,"date":"2018-09-02T17:39:28","date_gmt":"2018-09-02T17:39:28","guid":{"rendered":"https:\/\/shop.tjasha.si\/product\/joico-body-shake-250-ml\/"},"modified":"2026-03-15T10:53:16","modified_gmt":"2026-03-15T10:53:16","slug":"joico-body-shake-250-ml","status":"publish","type":"product","link":"https:\/\/shop.tjasha.si\/en\/trgovina\/joico-body-shake-250-ml\/","title":{"rendered":"Joico Body Shake 250 ml"},"content":{"rendered":"<p>Sprej za ve\u010dji in obstojmej\u0161i volumen va\u0161ih las.<\/p>","protected":false},"excerpt":{"rendered":"<p>Sprej dobro pretresite in nanesite k lasi\u0161\u010du na suhe lase.<\/p>","protected":false},"featured_media":6204,"template":"","meta":{"_acf_changed":false,"inline_featured_image":false,"_monsterinsights_skip_tracking":false,"_monsterinsights_sitenote_active":false,"_monsterinsights_sitenote_note":"","_monsterinsights_sitenote_category":0},"product_cat":[155,273,199,205,285],"product_tag":[],"aioseo_notices":[],"acf":[],"_links":{"self":[{"href":"https:\/\/shop.tjasha.si\/en\/wp-json\/wp\/v2\/product\/6205"}],"collection":[{"href":"https:\/\/shop.tjasha.si\/en\/wp-json\/wp\/v2\/product"}],"about":[{"href":"https:\/\/shop.tjasha.si\/en\/wp-json\/wp\/v2\/types\/product"}],"version-history":[{"count":1,"href":"https:\/\/shop.tjasha.si\/en\/wp-json\/wp\/v2\/product\/6205\/revisions"}],"predecessor-version":[{"id":10129,"href":"https:\/\/shop.tjasha.si\/en\/wp-json\/wp\/v2\/product\/6205\/revisions\/10129"}],"wp:featuredmedia":[{"embeddable":true,"href":"https:\/\/shop.tjasha.si\/en\/wp-json\/wp\/v2\/media\/6204"}],"wp:attachment":[{"href":"https:\/\/shop.tjasha.si\/en\/wp-json\/wp\/v2\/media?parent=6205"}],"wp:term":[{"taxonomy":"product_cat","embeddable":true,"href":"https:\/\/shop.tjasha.si\/en\/wp-json\/wp\/v2\/product_cat?post=6205"},{"taxonomy":"product_tag","embeddable":true,"href":"https:\/\/shop.tjasha.si\/en\/wp-json\/wp\/v2\/product_tag?post=6205"}],"curies":[{"name":"wp","href":"https:\/\/api.w.org\/{rel}","templated":true}]}}