{"id":6281,"date":"2018-10-16T08:11:14","date_gmt":"2018-10-16T08:11:14","guid":{"rendered":"https:\/\/shop.tjasha.si\/product\/sencilo-galaxy\/"},"modified":"2023-02-06T16:50:49","modified_gmt":"2023-02-06T16:50:49","slug":"sencilo-galaxy","status":"publish","type":"product","link":"https:\/\/shop.tjasha.si\/en\/trgovina\/sencilo-galaxy\/","title":{"rendered":"MUD Sen\u010dilo Galaxy"},"content":{"rendered":"<p>Izdelek lahko uporabljamo za moker ali suh nanos.<\/p>","protected":false},"excerpt":{"rendered":"<p>Zelo mo\u010dno pigmentirana svilnata sev\u010dila za o\u010di, za dolgo obstojnost.<\/p>","protected":false},"featured_media":6280,"template":"","meta":{"_acf_changed":false,"inline_featured_image":false,"_monsterinsights_skip_tracking":false,"_monsterinsights_sitenote_active":false,"_monsterinsights_sitenote_note":"","_monsterinsights_sitenote_category":0},"product_cat":[162,209],"product_tag":[],"aioseo_notices":[],"acf":[],"_links":{"self":[{"href":"https:\/\/shop.tjasha.si\/en\/wp-json\/wp\/v2\/product\/6281"}],"collection":[{"href":"https:\/\/shop.tjasha.si\/en\/wp-json\/wp\/v2\/product"}],"about":[{"href":"https:\/\/shop.tjasha.si\/en\/wp-json\/wp\/v2\/types\/product"}],"version-history":[{"count":1,"href":"https:\/\/shop.tjasha.si\/en\/wp-json\/wp\/v2\/product\/6281\/revisions"}],"predecessor-version":[{"id":9479,"href":"https:\/\/shop.tjasha.si\/en\/wp-json\/wp\/v2\/product\/6281\/revisions\/9479"}],"wp:featuredmedia":[{"embeddable":true,"href":"https:\/\/shop.tjasha.si\/en\/wp-json\/wp\/v2\/media\/6280"}],"wp:attachment":[{"href":"https:\/\/shop.tjasha.si\/en\/wp-json\/wp\/v2\/media?parent=6281"}],"wp:term":[{"taxonomy":"product_cat","embeddable":true,"href":"https:\/\/shop.tjasha.si\/en\/wp-json\/wp\/v2\/product_cat?post=6281"},{"taxonomy":"product_tag","embeddable":true,"href":"https:\/\/shop.tjasha.si\/en\/wp-json\/wp\/v2\/product_tag?post=6281"}],"curies":[{"name":"wp","href":"https:\/\/api.w.org\/{rel}","templated":true}]}}