{"id":6369,"date":"2018-10-16T13:31:19","date_gmt":"2018-10-16T13:31:19","guid":{"rendered":"https:\/\/shop.tjasha.si\/product\/rdecilo-za-ustnice-idol\/"},"modified":"2023-02-06T14:03:47","modified_gmt":"2023-02-06T14:03:47","slug":"rdecilo-za-ustnice-idol","status":"publish","type":"product","link":"https:\/\/shop.tjasha.si\/en\/trgovina\/rdecilo-za-ustnice-idol\/","title":{"rendered":"MUD Rde\u010dilo za ustnice Idol"},"content":{"rendered":"<p>Izjemno obstojna \u0161minka, ki neguje in naredi va\u0161e ustnice bolj polne.<\/p>","protected":false},"excerpt":{"rendered":"<p>Izjemno obstojna \u0161minka, ki neguje in naredi va\u0161e ustnice bolj polne.<\/p>","protected":false},"featured_media":6368,"template":"","meta":{"_acf_changed":false,"inline_featured_image":false,"_monsterinsights_skip_tracking":false,"_monsterinsights_sitenote_active":false,"_monsterinsights_sitenote_note":"","_monsterinsights_sitenote_category":0},"product_cat":[162,217],"product_tag":[],"aioseo_notices":[],"acf":[],"_links":{"self":[{"href":"https:\/\/shop.tjasha.si\/en\/wp-json\/wp\/v2\/product\/6369"}],"collection":[{"href":"https:\/\/shop.tjasha.si\/en\/wp-json\/wp\/v2\/product"}],"about":[{"href":"https:\/\/shop.tjasha.si\/en\/wp-json\/wp\/v2\/types\/product"}],"version-history":[{"count":1,"href":"https:\/\/shop.tjasha.si\/en\/wp-json\/wp\/v2\/product\/6369\/revisions"}],"predecessor-version":[{"id":9561,"href":"https:\/\/shop.tjasha.si\/en\/wp-json\/wp\/v2\/product\/6369\/revisions\/9561"}],"wp:featuredmedia":[{"embeddable":true,"href":"https:\/\/shop.tjasha.si\/en\/wp-json\/wp\/v2\/media\/6368"}],"wp:attachment":[{"href":"https:\/\/shop.tjasha.si\/en\/wp-json\/wp\/v2\/media?parent=6369"}],"wp:term":[{"taxonomy":"product_cat","embeddable":true,"href":"https:\/\/shop.tjasha.si\/en\/wp-json\/wp\/v2\/product_cat?post=6369"},{"taxonomy":"product_tag","embeddable":true,"href":"https:\/\/shop.tjasha.si\/en\/wp-json\/wp\/v2\/product_tag?post=6369"}],"curies":[{"name":"wp","href":"https:\/\/api.w.org\/{rel}","templated":true}]}}