{"id":6407,"date":"2018-10-23T11:52:21","date_gmt":"2018-10-23T11:52:21","guid":{"rendered":"https:\/\/shop.tjasha.si\/product\/o-right-golden-rose-sampon-250-ml-10\/"},"modified":"2022-02-27T17:36:16","modified_gmt":"2022-02-27T17:36:16","slug":"oright-caffeine-conditioner-balzam-z-kofeinom-250-ml","status":"publish","type":"product","link":"https:\/\/shop.tjasha.si\/en\/trgovina\/oright-caffeine-conditioner-balzam-z-kofeinom-250-ml\/","title":{"rendered":"O&#8217;right caffeine conditioner- Balzam z kofeinom  250 ml"},"content":{"rendered":"<p>O&#8217;right Caffeine Conditioner<br \/>\nBalzam Coffein vsebuje naravne izvle\u010dke olja kave in ekstrakt kave iz kavne lupine. Za dodatno nego pa vsebuje \u0161e olje kanole in p\u0161eni\u010dne proteine. Aktivne u\u010dinkovine v balzamu dajo lasem najbolj\u0161o mo\u017eno nego in za\u0161\u010dito.<\/p>\n<p>Zna\u010dilnosti:<\/p>\n<p>Deluje hranilno in negovalno<br \/>\nZagotavlja zdrave in bujne lase<br \/>\n\u0160\u010diti in neguje<br \/>\nAntistati\u010den u\u010dinek<\/p>\n<p>Navodila za uporabo:<\/p>\n<p>Var\u010dno nanesite na mokre, s \u0161amponom oprane lase, ne\u017eno vmasirajte v lase, raz\u010de\u0161ite ter izperite.<\/p>\n<p>Tip las:<\/p>\n<p>Normalni lasje<\/p>\n<p>U\u010dinek:<\/p>\n<p>Zdravje, bunost las<br \/>\nSESTAVINE: Aqua (Water), Stearyl Alcohol, Distearyldimonium Chloridecetyl Alcohol, Glycerin, Cyclopentasiloxane Dimethiconol, Coffea Arabica (Coffee) Seed Oil, Coffea Arabica (Coffee) Seed Extract, Bis(c13-15 alkoxy) Pg-Amodimethicone, Glycosyl Trehalose, Hydrogenated Starch Hydrolysate, Polyquaternium-22, Behenyl Alcohol, Phenoxyethanol, Alcohol, Tocopherol, Hydrolyzed Wheat Protein, Fragrance, Hydroxyethylcellulose, Peg-90m, Capryl Glycol.<\/p>","protected":false},"excerpt":{"rendered":"<p>89,9 % naraven balzam. Lase globoko regenerira in jih naredi mo\u010dnej\u0161e in bolj sijo\u010de, ter pomaga za bolj\u0161o rast las.<\/p>","protected":false},"featured_media":6406,"template":"","meta":{"_acf_changed":false,"inline_featured_image":false,"_monsterinsights_skip_tracking":false,"_monsterinsights_sitenote_active":false,"_monsterinsights_sitenote_note":"","_monsterinsights_sitenote_category":0},"product_cat":[183],"product_tag":[],"aioseo_notices":[],"acf":[],"_links":{"self":[{"href":"https:\/\/shop.tjasha.si\/en\/wp-json\/wp\/v2\/product\/6407"}],"collection":[{"href":"https:\/\/shop.tjasha.si\/en\/wp-json\/wp\/v2\/product"}],"about":[{"href":"https:\/\/shop.tjasha.si\/en\/wp-json\/wp\/v2\/types\/product"}],"version-history":[{"count":1,"href":"https:\/\/shop.tjasha.si\/en\/wp-json\/wp\/v2\/product\/6407\/revisions"}],"predecessor-version":[{"id":9321,"href":"https:\/\/shop.tjasha.si\/en\/wp-json\/wp\/v2\/product\/6407\/revisions\/9321"}],"wp:featuredmedia":[{"embeddable":true,"href":"https:\/\/shop.tjasha.si\/en\/wp-json\/wp\/v2\/media\/6406"}],"wp:attachment":[{"href":"https:\/\/shop.tjasha.si\/en\/wp-json\/wp\/v2\/media?parent=6407"}],"wp:term":[{"taxonomy":"product_cat","embeddable":true,"href":"https:\/\/shop.tjasha.si\/en\/wp-json\/wp\/v2\/product_cat?post=6407"},{"taxonomy":"product_tag","embeddable":true,"href":"https:\/\/shop.tjasha.si\/en\/wp-json\/wp\/v2\/product_tag?post=6407"}],"curies":[{"name":"wp","href":"https:\/\/api.w.org\/{rel}","templated":true}]}}