{"id":6502,"date":"2018-11-23T18:27:21","date_gmt":"2018-11-23T18:27:21","guid":{"rendered":"https:\/\/shop.tjasha.si\/product\/crtalozaoci-richbrown\/"},"modified":"2022-12-02T07:54:38","modified_gmt":"2022-12-02T07:54:38","slug":"crtalozaoci-richbrown","status":"publish","type":"product","link":"https:\/\/shop.tjasha.si\/en\/trgovina\/crtalozaoci-richbrown\/","title":{"rendered":"MUD Svin\u010dnik za o\u010di RichBrown"},"content":{"rendered":"<p>Svin\u010dnik za o\u010di.<\/p>","protected":false},"excerpt":{"rendered":"<p>Svin\u010dnik za o\u010di.<\/p>","protected":false},"featured_media":6501,"template":"","meta":{"_acf_changed":false,"inline_featured_image":false,"_monsterinsights_skip_tracking":false,"_monsterinsights_sitenote_active":false,"_monsterinsights_sitenote_note":"","_monsterinsights_sitenote_category":0},"product_cat":[162,212],"product_tag":[],"aioseo_notices":[],"acf":[],"_links":{"self":[{"href":"https:\/\/shop.tjasha.si\/en\/wp-json\/wp\/v2\/product\/6502"}],"collection":[{"href":"https:\/\/shop.tjasha.si\/en\/wp-json\/wp\/v2\/product"}],"about":[{"href":"https:\/\/shop.tjasha.si\/en\/wp-json\/wp\/v2\/types\/product"}],"version-history":[{"count":1,"href":"https:\/\/shop.tjasha.si\/en\/wp-json\/wp\/v2\/product\/6502\/revisions"}],"predecessor-version":[{"id":9545,"href":"https:\/\/shop.tjasha.si\/en\/wp-json\/wp\/v2\/product\/6502\/revisions\/9545"}],"wp:featuredmedia":[{"embeddable":true,"href":"https:\/\/shop.tjasha.si\/en\/wp-json\/wp\/v2\/media\/6501"}],"wp:attachment":[{"href":"https:\/\/shop.tjasha.si\/en\/wp-json\/wp\/v2\/media?parent=6502"}],"wp:term":[{"taxonomy":"product_cat","embeddable":true,"href":"https:\/\/shop.tjasha.si\/en\/wp-json\/wp\/v2\/product_cat?post=6502"},{"taxonomy":"product_tag","embeddable":true,"href":"https:\/\/shop.tjasha.si\/en\/wp-json\/wp\/v2\/product_tag?post=6502"}],"curies":[{"name":"wp","href":"https:\/\/api.w.org\/{rel}","templated":true}]}}