{"id":6526,"date":"2018-11-26T07:43:04","date_gmt":"2018-11-26T07:43:04","guid":{"rendered":"https:\/\/shop.tjasha.si\/product\/mud-copic320\/"},"modified":"2023-02-07T13:03:31","modified_gmt":"2023-02-07T13:03:31","slug":"mud-copic320","status":"publish","type":"product","link":"https:\/\/shop.tjasha.si\/en\/trgovina\/mud-copic320\/","title":{"rendered":"MUD \u010copi\u010d #320"},"content":{"rendered":"<p>\u010copi\u010di, visoke kakovosti iz naravnih in sinteti\u010dnih vlaken.<\/p>","protected":false},"excerpt":{"rendered":"<p>\u010copi\u010di, visoke kakovosti iz naravnih in sinteti\u010dnih vlaken.<\/p>","protected":false},"featured_media":6525,"template":"","meta":{"_acf_changed":false,"inline_featured_image":false,"_monsterinsights_skip_tracking":false,"_monsterinsights_sitenote_active":false,"_monsterinsights_sitenote_note":"","_monsterinsights_sitenote_category":0},"product_cat":[162,224],"product_tag":[],"aioseo_notices":[],"acf":[],"_links":{"self":[{"href":"https:\/\/shop.tjasha.si\/en\/wp-json\/wp\/v2\/product\/6526"}],"collection":[{"href":"https:\/\/shop.tjasha.si\/en\/wp-json\/wp\/v2\/product"}],"about":[{"href":"https:\/\/shop.tjasha.si\/en\/wp-json\/wp\/v2\/types\/product"}],"version-history":[{"count":1,"href":"https:\/\/shop.tjasha.si\/en\/wp-json\/wp\/v2\/product\/6526\/revisions"}],"predecessor-version":[{"id":9434,"href":"https:\/\/shop.tjasha.si\/en\/wp-json\/wp\/v2\/product\/6526\/revisions\/9434"}],"wp:featuredmedia":[{"embeddable":true,"href":"https:\/\/shop.tjasha.si\/en\/wp-json\/wp\/v2\/media\/6525"}],"wp:attachment":[{"href":"https:\/\/shop.tjasha.si\/en\/wp-json\/wp\/v2\/media?parent=6526"}],"wp:term":[{"taxonomy":"product_cat","embeddable":true,"href":"https:\/\/shop.tjasha.si\/en\/wp-json\/wp\/v2\/product_cat?post=6526"},{"taxonomy":"product_tag","embeddable":true,"href":"https:\/\/shop.tjasha.si\/en\/wp-json\/wp\/v2\/product_tag?post=6526"}],"curies":[{"name":"wp","href":"https:\/\/api.w.org\/{rel}","templated":true}]}}