{"id":6528,"date":"2018-11-26T07:46:12","date_gmt":"2018-11-26T07:46:12","guid":{"rendered":"https:\/\/shop.tjasha.si\/product\/mud-copic330\/"},"modified":"2018-11-26T07:46:12","modified_gmt":"2018-11-26T07:46:12","slug":"mud-copic330","status":"publish","type":"product","link":"https:\/\/shop.tjasha.si\/en\/trgovina\/mud-copic330\/","title":{"rendered":"MUD \u010copi\u010d #330s"},"content":{"rendered":"<p>\u010copi\u010di, visoke kakovosti iz naravnih in sinteti\u010dnih vlaken.<\/p>","protected":false},"excerpt":{"rendered":"<p>\u010copi\u010di, visoke kakovosti iz naravnih in sinteti\u010dnih vlaken.<\/p>","protected":false},"featured_media":6527,"template":"","meta":{"_acf_changed":false,"inline_featured_image":false,"_monsterinsights_skip_tracking":false,"_monsterinsights_sitenote_active":false,"_monsterinsights_sitenote_note":"","_monsterinsights_sitenote_category":0},"product_cat":[162,224],"product_tag":[],"aioseo_notices":[],"acf":[],"_links":{"self":[{"href":"https:\/\/shop.tjasha.si\/en\/wp-json\/wp\/v2\/product\/6528"}],"collection":[{"href":"https:\/\/shop.tjasha.si\/en\/wp-json\/wp\/v2\/product"}],"about":[{"href":"https:\/\/shop.tjasha.si\/en\/wp-json\/wp\/v2\/types\/product"}],"version-history":[{"count":0,"href":"https:\/\/shop.tjasha.si\/en\/wp-json\/wp\/v2\/product\/6528\/revisions"}],"wp:featuredmedia":[{"embeddable":true,"href":"https:\/\/shop.tjasha.si\/en\/wp-json\/wp\/v2\/media\/6527"}],"wp:attachment":[{"href":"https:\/\/shop.tjasha.si\/en\/wp-json\/wp\/v2\/media?parent=6528"}],"wp:term":[{"taxonomy":"product_cat","embeddable":true,"href":"https:\/\/shop.tjasha.si\/en\/wp-json\/wp\/v2\/product_cat?post=6528"},{"taxonomy":"product_tag","embeddable":true,"href":"https:\/\/shop.tjasha.si\/en\/wp-json\/wp\/v2\/product_tag?post=6528"}],"curies":[{"name":"wp","href":"https:\/\/api.w.org\/{rel}","templated":true}]}}