{"id":6550,"date":"2018-11-26T08:29:30","date_gmt":"2018-11-26T08:29:30","guid":{"rendered":"https:\/\/shop.tjasha.si\/product\/mud-copic625\/"},"modified":"2023-02-07T12:58:54","modified_gmt":"2023-02-07T12:58:54","slug":"mud-copic625","status":"publish","type":"product","link":"https:\/\/shop.tjasha.si\/en\/trgovina\/mud-copic625\/","title":{"rendered":"MUD \u010copi\u010d #625"},"content":{"rendered":"<p>\u010copi\u010di, visoke kakovosti iz naravnih in sinteti\u010dnih vlaken.<\/p>","protected":false},"excerpt":{"rendered":"<p>\u010copi\u010di, visoke kakovosti iz naravnih in sinteti\u010dnih vlaken.<\/p>","protected":false},"featured_media":6549,"template":"","meta":{"_acf_changed":false,"inline_featured_image":false,"_monsterinsights_skip_tracking":false,"_monsterinsights_sitenote_active":false,"_monsterinsights_sitenote_note":"","_monsterinsights_sitenote_category":0},"product_cat":[162,224],"product_tag":[],"aioseo_notices":[],"acf":[],"_links":{"self":[{"href":"https:\/\/shop.tjasha.si\/en\/wp-json\/wp\/v2\/product\/6550"}],"collection":[{"href":"https:\/\/shop.tjasha.si\/en\/wp-json\/wp\/v2\/product"}],"about":[{"href":"https:\/\/shop.tjasha.si\/en\/wp-json\/wp\/v2\/types\/product"}],"version-history":[{"count":1,"href":"https:\/\/shop.tjasha.si\/en\/wp-json\/wp\/v2\/product\/6550\/revisions"}],"predecessor-version":[{"id":9425,"href":"https:\/\/shop.tjasha.si\/en\/wp-json\/wp\/v2\/product\/6550\/revisions\/9425"}],"wp:featuredmedia":[{"embeddable":true,"href":"https:\/\/shop.tjasha.si\/en\/wp-json\/wp\/v2\/media\/6549"}],"wp:attachment":[{"href":"https:\/\/shop.tjasha.si\/en\/wp-json\/wp\/v2\/media?parent=6550"}],"wp:term":[{"taxonomy":"product_cat","embeddable":true,"href":"https:\/\/shop.tjasha.si\/en\/wp-json\/wp\/v2\/product_cat?post=6550"},{"taxonomy":"product_tag","embeddable":true,"href":"https:\/\/shop.tjasha.si\/en\/wp-json\/wp\/v2\/product_tag?post=6550"}],"curies":[{"name":"wp","href":"https:\/\/api.w.org\/{rel}","templated":true}]}}