{"id":6568,"date":"2018-11-26T08:57:51","date_gmt":"2018-11-26T08:57:51","guid":{"rendered":"https:\/\/shop.tjasha.si\/product\/mud-copic910\/"},"modified":"2023-02-07T12:53:01","modified_gmt":"2023-02-07T12:53:01","slug":"mud-copic910","status":"publish","type":"product","link":"https:\/\/shop.tjasha.si\/en\/trgovina\/mud-copic910\/","title":{"rendered":"MUD \u010copi\u010d #910"},"content":{"rendered":"<p>\u010copi\u010di, visoke kakovosti iz naravnih in sinteti\u010dnih vlaken.<\/p>","protected":false},"excerpt":{"rendered":"<p>\u010copi\u010di, visoke kakovosti iz naravnih in sinteti\u010dnih vlaken.<\/p>","protected":false},"featured_media":6567,"template":"","meta":{"_acf_changed":false,"inline_featured_image":false,"_monsterinsights_skip_tracking":false,"_monsterinsights_sitenote_active":false,"_monsterinsights_sitenote_note":"","_monsterinsights_sitenote_category":0},"product_cat":[162,224],"product_tag":[],"aioseo_notices":[],"acf":[],"_links":{"self":[{"href":"https:\/\/shop.tjasha.si\/en\/wp-json\/wp\/v2\/product\/6568"}],"collection":[{"href":"https:\/\/shop.tjasha.si\/en\/wp-json\/wp\/v2\/product"}],"about":[{"href":"https:\/\/shop.tjasha.si\/en\/wp-json\/wp\/v2\/types\/product"}],"version-history":[{"count":1,"href":"https:\/\/shop.tjasha.si\/en\/wp-json\/wp\/v2\/product\/6568\/revisions"}],"predecessor-version":[{"id":9416,"href":"https:\/\/shop.tjasha.si\/en\/wp-json\/wp\/v2\/product\/6568\/revisions\/9416"}],"wp:featuredmedia":[{"embeddable":true,"href":"https:\/\/shop.tjasha.si\/en\/wp-json\/wp\/v2\/media\/6567"}],"wp:attachment":[{"href":"https:\/\/shop.tjasha.si\/en\/wp-json\/wp\/v2\/media?parent=6568"}],"wp:term":[{"taxonomy":"product_cat","embeddable":true,"href":"https:\/\/shop.tjasha.si\/en\/wp-json\/wp\/v2\/product_cat?post=6568"},{"taxonomy":"product_tag","embeddable":true,"href":"https:\/\/shop.tjasha.si\/en\/wp-json\/wp\/v2\/product_tag?post=6568"}],"curies":[{"name":"wp","href":"https:\/\/api.w.org\/{rel}","templated":true}]}}